{"id":26482,"date":"2024-09-10T11:53:40","date_gmt":"2024-09-10T09:53:40","guid":{"rendered":"https:\/\/friends.se\/?page_id=26482"},"modified":"2026-02-20T16:46:43","modified_gmt":"2026-02-20T15:46:43","slug":"om-panikangest","status":"publish","type":"page","link":"https:\/\/friends.se\/ar\/kunskapsbanken\/barn-och-unga\/om-panikangest\/","title":{"rendered":"Om panik\u00e5ngest"},"content":{"rendered":"","protected":false},"excerpt":{"rendered":"<p>Barn som varit med om sv\u00e5ra h\u00e4ndelser som till exempel mobbning eller ofrivillig ensamhet kan ibland uppleva att vissa minnen eller situationer kan trigga ig\u00e5ng panik\u00e5ngest.<\/p>\n","protected":false},"author":3,"featured_media":12064,"parent":11325,"menu_order":0,"comment_status":"closed","ping_status":"closed","template":"","meta":{"_acf_changed":false,"_helpful_status":1,"_relevanssi_hide_post":"","_relevanssi_hide_content":"","_relevanssi_pin_for_all":"","_relevanssi_pin_keywords":"","_relevanssi_unpin_keywords":"","_relevanssi_related_keywords":"","_relevanssi_related_include_ids":"","_relevanssi_related_exclude_ids":"","_relevanssi_related_no_append":"","_relevanssi_related_not_related":"","_relevanssi_related_posts":"","_relevanssi_noindex_reason":"","footnotes":""},"categories":[90],"tags":[],"simple-restrict-permission":[],"class_list":["post-26482","page","type-page","status-publish","has-post-thumbnail","hentry","category-barn-och-unga-ar"],"acf":[],"_links":{"self":[{"href":"https:\/\/friends.se\/ar\/wp-json\/wp\/v2\/pages\/26482","targetHints":{"allow":["GET"]}}],"collection":[{"href":"https:\/\/friends.se\/ar\/wp-json\/wp\/v2\/pages"}],"about":[{"href":"https:\/\/friends.se\/ar\/wp-json\/wp\/v2\/types\/page"}],"author":[{"embeddable":true,"href":"https:\/\/friends.se\/ar\/wp-json\/wp\/v2\/users\/3"}],"replies":[{"embeddable":true,"href":"https:\/\/friends.se\/ar\/wp-json\/wp\/v2\/comments?post=26482"}],"version-history":[{"count":7,"href":"https:\/\/friends.se\/ar\/wp-json\/wp\/v2\/pages\/26482\/revisions"}],"predecessor-version":[{"id":33090,"href":"https:\/\/friends.se\/ar\/wp-json\/wp\/v2\/pages\/26482\/revisions\/33090"}],"up":[{"embeddable":true,"href":"https:\/\/friends.se\/ar\/wp-json\/wp\/v2\/pages\/11325"}],"wp:featuredmedia":[{"embeddable":true,"href":"https:\/\/friends.se\/ar\/wp-json\/wp\/v2\/media\/12064"}],"wp:attachment":[{"href":"https:\/\/friends.se\/ar\/wp-json\/wp\/v2\/media?parent=26482"}],"wp:term":[{"taxonomy":"category","embeddable":true,"href":"https:\/\/friends.se\/ar\/wp-json\/wp\/v2\/categories?post=26482"},{"taxonomy":"post_tag","embeddable":true,"href":"https:\/\/friends.se\/ar\/wp-json\/wp\/v2\/tags?post=26482"},{"taxonomy":"simple-restrict-permission","embeddable":true,"href":"https:\/\/friends.se\/ar\/wp-json\/wp\/v2\/simple-restrict-permission?post=26482"}],"curies":[{"name":"wp","href":"https:\/\/api.w.org\/{rel}","templated":true}]}}