{"id":26476,"date":"2024-09-05T13:03:31","date_gmt":"2024-09-05T11:03:31","guid":{"rendered":"https:\/\/friends.se\/?page_id=26476"},"modified":"2026-03-17T16:22:40","modified_gmt":"2026-03-17T15:22:40","slug":"om-nedstamdhet-och-depression","status":"publish","type":"page","link":"https:\/\/friends.se\/ar\/kunskapsbanken\/barn-och-unga\/om-nedstamdhet-och-depression\/","title":{"rendered":"Om nedst\u00e4mdhet och depression"},"content":{"rendered":"","protected":false},"excerpt":{"rendered":"<p>Barn som \u00e4r med om jobbiga h\u00e4ndelser som mobbning eller utsatthet l\u00f6per st\u00f6rre risk att drabbas av depression och nedst\u00e4mdhet.<\/p>\n","protected":false},"author":3,"featured_media":12025,"parent":11325,"menu_order":0,"comment_status":"closed","ping_status":"closed","template":"","meta":{"_acf_changed":false,"_helpful_status":1,"_relevanssi_hide_post":"","_relevanssi_hide_content":"","_relevanssi_pin_for_all":"","_relevanssi_pin_keywords":"","_relevanssi_unpin_keywords":"","_relevanssi_related_keywords":"","_relevanssi_related_include_ids":"","_relevanssi_related_exclude_ids":"","_relevanssi_related_no_append":"","_relevanssi_related_not_related":"","_relevanssi_related_posts":"","_relevanssi_noindex_reason":"","footnotes":""},"categories":[90],"tags":[],"simple-restrict-permission":[],"class_list":["post-26476","page","type-page","status-publish","has-post-thumbnail","hentry","category-barn-och-unga-ar"],"acf":[],"_links":{"self":[{"href":"https:\/\/friends.se\/ar\/wp-json\/wp\/v2\/pages\/26476","targetHints":{"allow":["GET"]}}],"collection":[{"href":"https:\/\/friends.se\/ar\/wp-json\/wp\/v2\/pages"}],"about":[{"href":"https:\/\/friends.se\/ar\/wp-json\/wp\/v2\/types\/page"}],"author":[{"embeddable":true,"href":"https:\/\/friends.se\/ar\/wp-json\/wp\/v2\/users\/3"}],"replies":[{"embeddable":true,"href":"https:\/\/friends.se\/ar\/wp-json\/wp\/v2\/comments?post=26476"}],"version-history":[{"count":7,"href":"https:\/\/friends.se\/ar\/wp-json\/wp\/v2\/pages\/26476\/revisions"}],"predecessor-version":[{"id":33279,"href":"https:\/\/friends.se\/ar\/wp-json\/wp\/v2\/pages\/26476\/revisions\/33279"}],"up":[{"embeddable":true,"href":"https:\/\/friends.se\/ar\/wp-json\/wp\/v2\/pages\/11325"}],"wp:featuredmedia":[{"embeddable":true,"href":"https:\/\/friends.se\/ar\/wp-json\/wp\/v2\/media\/12025"}],"wp:attachment":[{"href":"https:\/\/friends.se\/ar\/wp-json\/wp\/v2\/media?parent=26476"}],"wp:term":[{"taxonomy":"category","embeddable":true,"href":"https:\/\/friends.se\/ar\/wp-json\/wp\/v2\/categories?post=26476"},{"taxonomy":"post_tag","embeddable":true,"href":"https:\/\/friends.se\/ar\/wp-json\/wp\/v2\/tags?post=26476"},{"taxonomy":"simple-restrict-permission","embeddable":true,"href":"https:\/\/friends.se\/ar\/wp-json\/wp\/v2\/simple-restrict-permission?post=26476"}],"curies":[{"name":"wp","href":"https:\/\/api.w.org\/{rel}","templated":true}]}}