{"id":26474,"date":"2024-09-05T09:43:09","date_gmt":"2024-09-05T07:43:09","guid":{"rendered":"https:\/\/friends.se\/?page_id=26474"},"modified":"2026-02-20T16:25:38","modified_gmt":"2026-02-20T15:25:38","slug":"hur-hanterar-jag-oro-och-angest","status":"publish","type":"page","link":"https:\/\/friends.se\/ar\/kunskapsbanken\/barn-och-unga\/hur-hanterar-jag-oro-och-angest\/","title":{"rendered":"Hur hanterar jag oro och \u00e5ngest?"},"content":{"rendered":"","protected":false},"excerpt":{"rendered":"<p>Barn och unga som har erfarenheter av mobbning kan k\u00e4nna oro och \u00e5ngest \u00f6ver att g\u00e5 till skolan. H\u00e4r f\u00e5r du tips hur du kan hantera din oro och \u00e5ngest.<\/p>\n","protected":false},"author":3,"featured_media":24900,"parent":11325,"menu_order":0,"comment_status":"closed","ping_status":"closed","template":"","meta":{"_acf_changed":false,"_helpful_status":1,"_relevanssi_hide_post":"","_relevanssi_hide_content":"","_relevanssi_pin_for_all":"","_relevanssi_pin_keywords":"","_relevanssi_unpin_keywords":"","_relevanssi_related_keywords":"","_relevanssi_related_include_ids":"","_relevanssi_related_exclude_ids":"","_relevanssi_related_no_append":"","_relevanssi_related_not_related":"","_relevanssi_related_posts":"","_relevanssi_noindex_reason":"","footnotes":""},"categories":[90],"tags":[],"simple-restrict-permission":[],"class_list":["post-26474","page","type-page","status-publish","has-post-thumbnail","hentry","category-barn-och-unga-ar"],"acf":[],"_links":{"self":[{"href":"https:\/\/friends.se\/ar\/wp-json\/wp\/v2\/pages\/26474","targetHints":{"allow":["GET"]}}],"collection":[{"href":"https:\/\/friends.se\/ar\/wp-json\/wp\/v2\/pages"}],"about":[{"href":"https:\/\/friends.se\/ar\/wp-json\/wp\/v2\/types\/page"}],"author":[{"embeddable":true,"href":"https:\/\/friends.se\/ar\/wp-json\/wp\/v2\/users\/3"}],"replies":[{"embeddable":true,"href":"https:\/\/friends.se\/ar\/wp-json\/wp\/v2\/comments?post=26474"}],"version-history":[{"count":4,"href":"https:\/\/friends.se\/ar\/wp-json\/wp\/v2\/pages\/26474\/revisions"}],"predecessor-version":[{"id":33076,"href":"https:\/\/friends.se\/ar\/wp-json\/wp\/v2\/pages\/26474\/revisions\/33076"}],"up":[{"embeddable":true,"href":"https:\/\/friends.se\/ar\/wp-json\/wp\/v2\/pages\/11325"}],"wp:featuredmedia":[{"embeddable":true,"href":"https:\/\/friends.se\/ar\/wp-json\/wp\/v2\/media\/24900"}],"wp:attachment":[{"href":"https:\/\/friends.se\/ar\/wp-json\/wp\/v2\/media?parent=26474"}],"wp:term":[{"taxonomy":"category","embeddable":true,"href":"https:\/\/friends.se\/ar\/wp-json\/wp\/v2\/categories?post=26474"},{"taxonomy":"post_tag","embeddable":true,"href":"https:\/\/friends.se\/ar\/wp-json\/wp\/v2\/tags?post=26474"},{"taxonomy":"simple-restrict-permission","embeddable":true,"href":"https:\/\/friends.se\/ar\/wp-json\/wp\/v2\/simple-restrict-permission?post=26474"}],"curies":[{"name":"wp","href":"https:\/\/api.w.org\/{rel}","templated":true}]}}