{"id":26472,"date":"2024-09-10T11:53:06","date_gmt":"2024-09-10T09:53:06","guid":{"rendered":"https:\/\/friends.se\/?page_id=26472"},"modified":"2026-02-20T16:46:06","modified_gmt":"2026-02-20T15:46:06","slug":"om-oro-och-angest","status":"publish","type":"page","link":"https:\/\/friends.se\/ar\/kunskapsbanken\/barn-och-unga\/om-oro-och-angest\/","title":{"rendered":"Om oro och \u00e5ngest"},"content":{"rendered":"","protected":false},"excerpt":{"rendered":"<p>Oro och \u00e5ngest \u00e4r helt normalt, men n\u00e4r oron och \u00e5ngesten hindrar dig fr\u00e5n att m\u00e5 bra och g\u00f6ra saker du m\u00e5r bra av kan det bli ett problem.<\/p>\n","protected":false},"author":3,"featured_media":8414,"parent":11325,"menu_order":0,"comment_status":"closed","ping_status":"closed","template":"","meta":{"_acf_changed":false,"_helpful_status":1,"_relevanssi_hide_post":"","_relevanssi_hide_content":"","_relevanssi_pin_for_all":"","_relevanssi_pin_keywords":"","_relevanssi_unpin_keywords":"","_relevanssi_related_keywords":"","_relevanssi_related_include_ids":"","_relevanssi_related_exclude_ids":"","_relevanssi_related_no_append":"","_relevanssi_related_not_related":"","_relevanssi_related_posts":"","_relevanssi_noindex_reason":"","footnotes":""},"categories":[57],"tags":[],"simple-restrict-permission":[],"class_list":["post-26472","page","type-page","status-publish","has-post-thumbnail","hentry","category-barn-och-unga"],"acf":[],"_links":{"self":[{"href":"https:\/\/friends.se\/ar\/wp-json\/wp\/v2\/pages\/26472","targetHints":{"allow":["GET"]}}],"collection":[{"href":"https:\/\/friends.se\/ar\/wp-json\/wp\/v2\/pages"}],"about":[{"href":"https:\/\/friends.se\/ar\/wp-json\/wp\/v2\/types\/page"}],"author":[{"embeddable":true,"href":"https:\/\/friends.se\/ar\/wp-json\/wp\/v2\/users\/3"}],"replies":[{"embeddable":true,"href":"https:\/\/friends.se\/ar\/wp-json\/wp\/v2\/comments?post=26472"}],"version-history":[{"count":6,"href":"https:\/\/friends.se\/ar\/wp-json\/wp\/v2\/pages\/26472\/revisions"}],"predecessor-version":[{"id":33089,"href":"https:\/\/friends.se\/ar\/wp-json\/wp\/v2\/pages\/26472\/revisions\/33089"}],"up":[{"embeddable":true,"href":"https:\/\/friends.se\/ar\/wp-json\/wp\/v2\/pages\/11325"}],"wp:featuredmedia":[{"embeddable":true,"href":"https:\/\/friends.se\/ar\/wp-json\/wp\/v2\/media\/8414"}],"wp:attachment":[{"href":"https:\/\/friends.se\/ar\/wp-json\/wp\/v2\/media?parent=26472"}],"wp:term":[{"taxonomy":"category","embeddable":true,"href":"https:\/\/friends.se\/ar\/wp-json\/wp\/v2\/categories?post=26472"},{"taxonomy":"post_tag","embeddable":true,"href":"https:\/\/friends.se\/ar\/wp-json\/wp\/v2\/tags?post=26472"},{"taxonomy":"simple-restrict-permission","embeddable":true,"href":"https:\/\/friends.se\/ar\/wp-json\/wp\/v2\/simple-restrict-permission?post=26472"}],"curies":[{"name":"wp","href":"https:\/\/api.w.org\/{rel}","templated":true}]}}