{"id":26469,"date":"2024-09-05T13:00:35","date_gmt":"2024-09-05T11:00:35","guid":{"rendered":"https:\/\/friends.se\/?page_id=26469"},"modified":"2026-02-20T16:40:14","modified_gmt":"2026-02-20T15:40:14","slug":"nar-nagot-svart-och-jobbigt-har-hant","status":"publish","type":"page","link":"https:\/\/friends.se\/ar\/kunskapsbanken\/barn-och-unga\/nar-nagot-svart-och-jobbigt-har-hant\/","title":{"rendered":"N\u00e4r n\u00e5got sv\u00e5rt och jobbigt har h\u00e4nt"},"content":{"rendered":"","protected":false},"excerpt":{"rendered":"<p>N\u00e4r n\u00e5got sv\u00e5rt och jobbigt har h\u00e4nt kan det ta l\u00e5ng tid innan det k\u00e4nns bra igen. H\u00e4r f\u00e5r du tips p\u00e5 fr\u00e5gor att st\u00e4lla till dig sj\u00e4lv som kan hj\u00e4lpa dig att bearbeta h\u00e4ndelsen.<\/p>\n","protected":false},"author":3,"featured_media":18034,"parent":11325,"menu_order":0,"comment_status":"closed","ping_status":"closed","template":"","meta":{"_acf_changed":false,"_helpful_status":1,"_relevanssi_hide_post":"","_relevanssi_hide_content":"","_relevanssi_pin_for_all":"","_relevanssi_pin_keywords":"","_relevanssi_unpin_keywords":"","_relevanssi_related_keywords":"","_relevanssi_related_include_ids":"","_relevanssi_related_exclude_ids":"","_relevanssi_related_no_append":"","_relevanssi_related_not_related":"","_relevanssi_related_posts":"","_relevanssi_noindex_reason":"WooCommerce SEO Framework Relevanssi index exclude","footnotes":""},"categories":[90],"tags":[],"simple-restrict-permission":[],"class_list":["post-26469","page","type-page","status-publish","has-post-thumbnail","hentry","category-barn-och-unga-ar"],"acf":[],"_links":{"self":[{"href":"https:\/\/friends.se\/ar\/wp-json\/wp\/v2\/pages\/26469","targetHints":{"allow":["GET"]}}],"collection":[{"href":"https:\/\/friends.se\/ar\/wp-json\/wp\/v2\/pages"}],"about":[{"href":"https:\/\/friends.se\/ar\/wp-json\/wp\/v2\/types\/page"}],"author":[{"embeddable":true,"href":"https:\/\/friends.se\/ar\/wp-json\/wp\/v2\/users\/3"}],"replies":[{"embeddable":true,"href":"https:\/\/friends.se\/ar\/wp-json\/wp\/v2\/comments?post=26469"}],"version-history":[{"count":8,"href":"https:\/\/friends.se\/ar\/wp-json\/wp\/v2\/pages\/26469\/revisions"}],"predecessor-version":[{"id":33085,"href":"https:\/\/friends.se\/ar\/wp-json\/wp\/v2\/pages\/26469\/revisions\/33085"}],"up":[{"embeddable":true,"href":"https:\/\/friends.se\/ar\/wp-json\/wp\/v2\/pages\/11325"}],"wp:featuredmedia":[{"embeddable":true,"href":"https:\/\/friends.se\/ar\/wp-json\/wp\/v2\/media\/18034"}],"wp:attachment":[{"href":"https:\/\/friends.se\/ar\/wp-json\/wp\/v2\/media?parent=26469"}],"wp:term":[{"taxonomy":"category","embeddable":true,"href":"https:\/\/friends.se\/ar\/wp-json\/wp\/v2\/categories?post=26469"},{"taxonomy":"post_tag","embeddable":true,"href":"https:\/\/friends.se\/ar\/wp-json\/wp\/v2\/tags?post=26469"},{"taxonomy":"simple-restrict-permission","embeddable":true,"href":"https:\/\/friends.se\/ar\/wp-json\/wp\/v2\/simple-restrict-permission?post=26469"}],"curies":[{"name":"wp","href":"https:\/\/api.w.org\/{rel}","templated":true}]}}