{"id":26463,"date":"2024-09-05T09:38:55","date_gmt":"2024-09-05T07:38:55","guid":{"rendered":"https:\/\/friends.se\/?page_id=26463"},"modified":"2026-02-20T16:23:28","modified_gmt":"2026-02-20T15:23:28","slug":"granssattning-for-att-skapa-trygga-relationer","status":"publish","type":"page","link":"https:\/\/friends.se\/ar\/kunskapsbanken\/barn-och-unga\/granssattning-for-att-skapa-trygga-relationer\/","title":{"rendered":"Gr\u00e4nss\u00e4ttning f\u00f6r att skapa trygga relationer"},"content":{"rendered":"","protected":false},"excerpt":{"rendered":"<p>Sunda gr\u00e4nser \u00e4r avg\u00f6rande f\u00f6r att vi ska kunna skapa trygga relationer.<\/p>\n","protected":false},"author":3,"featured_media":11897,"parent":11325,"menu_order":0,"comment_status":"closed","ping_status":"closed","template":"","meta":{"_acf_changed":false,"_helpful_status":1,"_relevanssi_hide_post":"","_relevanssi_hide_content":"","_relevanssi_pin_for_all":"","_relevanssi_pin_keywords":"","_relevanssi_unpin_keywords":"","_relevanssi_related_keywords":"","_relevanssi_related_include_ids":"","_relevanssi_related_exclude_ids":"","_relevanssi_related_no_append":"","_relevanssi_related_not_related":"","_relevanssi_related_posts":"","_relevanssi_noindex_reason":"","footnotes":""},"categories":[57],"tags":[],"simple-restrict-permission":[],"class_list":["post-26463","page","type-page","status-publish","has-post-thumbnail","hentry","category-barn-och-unga"],"acf":[],"_links":{"self":[{"href":"https:\/\/friends.se\/ar\/wp-json\/wp\/v2\/pages\/26463","targetHints":{"allow":["GET"]}}],"collection":[{"href":"https:\/\/friends.se\/ar\/wp-json\/wp\/v2\/pages"}],"about":[{"href":"https:\/\/friends.se\/ar\/wp-json\/wp\/v2\/types\/page"}],"author":[{"embeddable":true,"href":"https:\/\/friends.se\/ar\/wp-json\/wp\/v2\/users\/3"}],"replies":[{"embeddable":true,"href":"https:\/\/friends.se\/ar\/wp-json\/wp\/v2\/comments?post=26463"}],"version-history":[{"count":8,"href":"https:\/\/friends.se\/ar\/wp-json\/wp\/v2\/pages\/26463\/revisions"}],"predecessor-version":[{"id":33074,"href":"https:\/\/friends.se\/ar\/wp-json\/wp\/v2\/pages\/26463\/revisions\/33074"}],"up":[{"embeddable":true,"href":"https:\/\/friends.se\/ar\/wp-json\/wp\/v2\/pages\/11325"}],"wp:featuredmedia":[{"embeddable":true,"href":"https:\/\/friends.se\/ar\/wp-json\/wp\/v2\/media\/11897"}],"wp:attachment":[{"href":"https:\/\/friends.se\/ar\/wp-json\/wp\/v2\/media?parent=26463"}],"wp:term":[{"taxonomy":"category","embeddable":true,"href":"https:\/\/friends.se\/ar\/wp-json\/wp\/v2\/categories?post=26463"},{"taxonomy":"post_tag","embeddable":true,"href":"https:\/\/friends.se\/ar\/wp-json\/wp\/v2\/tags?post=26463"},{"taxonomy":"simple-restrict-permission","embeddable":true,"href":"https:\/\/friends.se\/ar\/wp-json\/wp\/v2\/simple-restrict-permission?post=26463"}],"curies":[{"name":"wp","href":"https:\/\/api.w.org\/{rel}","templated":true}]}}