{"id":26455,"date":"2024-09-05T09:39:54","date_gmt":"2024-09-05T07:39:54","guid":{"rendered":"https:\/\/friends.se\/?page_id=26455"},"modified":"2026-02-20T16:24:38","modified_gmt":"2026-02-20T15:24:38","slug":"hur-far-jag-battre-sjalvkansla","status":"publish","type":"page","link":"https:\/\/friends.se\/ar\/kunskapsbanken\/barn-och-unga\/hur-far-jag-battre-sjalvkansla\/","title":{"rendered":"Hur f\u00e5r jag b\u00e4ttre sj\u00e4lvk\u00e4nsla?"},"content":{"rendered":"","protected":false},"excerpt":{"rendered":"<p>Sj\u00e4lvk\u00e4nsla handlar om vad du tycker om dig sj\u00e4lv och ifall du tycker att du \u00e4r v\u00e4rdefull som m\u00e4nniska.<\/p>\n","protected":false},"author":3,"featured_media":25237,"parent":11325,"menu_order":0,"comment_status":"closed","ping_status":"closed","template":"","meta":{"_acf_changed":false,"_helpful_status":1,"_relevanssi_hide_post":"","_relevanssi_hide_content":"","_relevanssi_pin_for_all":"","_relevanssi_pin_keywords":"","_relevanssi_unpin_keywords":"","_relevanssi_related_keywords":"","_relevanssi_related_include_ids":"","_relevanssi_related_exclude_ids":"","_relevanssi_related_no_append":"","_relevanssi_related_not_related":"","_relevanssi_related_posts":"","_relevanssi_noindex_reason":"","footnotes":""},"categories":[57],"tags":[],"simple-restrict-permission":[],"class_list":["post-26455","page","type-page","status-publish","has-post-thumbnail","hentry","category-barn-och-unga"],"acf":[],"_links":{"self":[{"href":"https:\/\/friends.se\/ar\/wp-json\/wp\/v2\/pages\/26455","targetHints":{"allow":["GET"]}}],"collection":[{"href":"https:\/\/friends.se\/ar\/wp-json\/wp\/v2\/pages"}],"about":[{"href":"https:\/\/friends.se\/ar\/wp-json\/wp\/v2\/types\/page"}],"author":[{"embeddable":true,"href":"https:\/\/friends.se\/ar\/wp-json\/wp\/v2\/users\/3"}],"replies":[{"embeddable":true,"href":"https:\/\/friends.se\/ar\/wp-json\/wp\/v2\/comments?post=26455"}],"version-history":[{"count":7,"href":"https:\/\/friends.se\/ar\/wp-json\/wp\/v2\/pages\/26455\/revisions"}],"predecessor-version":[{"id":33075,"href":"https:\/\/friends.se\/ar\/wp-json\/wp\/v2\/pages\/26455\/revisions\/33075"}],"up":[{"embeddable":true,"href":"https:\/\/friends.se\/ar\/wp-json\/wp\/v2\/pages\/11325"}],"wp:featuredmedia":[{"embeddable":true,"href":"https:\/\/friends.se\/ar\/wp-json\/wp\/v2\/media\/25237"}],"wp:attachment":[{"href":"https:\/\/friends.se\/ar\/wp-json\/wp\/v2\/media?parent=26455"}],"wp:term":[{"taxonomy":"category","embeddable":true,"href":"https:\/\/friends.se\/ar\/wp-json\/wp\/v2\/categories?post=26455"},{"taxonomy":"post_tag","embeddable":true,"href":"https:\/\/friends.se\/ar\/wp-json\/wp\/v2\/tags?post=26455"},{"taxonomy":"simple-restrict-permission","embeddable":true,"href":"https:\/\/friends.se\/ar\/wp-json\/wp\/v2\/simple-restrict-permission?post=26455"}],"curies":[{"name":"wp","href":"https:\/\/api.w.org\/{rel}","templated":true}]}}