{"id":25236,"date":"2024-03-26T22:44:43","date_gmt":"2024-03-26T21:44:43","guid":{"rendered":"https:\/\/friends.se\/?page_id=25236"},"modified":"2026-02-20T15:47:38","modified_gmt":"2026-02-20T14:47:38","slug":"lar-dig-mer-om-hbtq","status":"publish","type":"page","link":"https:\/\/friends.se\/ar\/kunskapsbanken\/foralder\/hbtq\/lar-dig-mer-om-hbtq\/","title":{"rendered":"L\u00e4r dig mer om hbtq+"},"content":{"rendered":"","protected":false},"excerpt":{"rendered":"<p>Hbtq+ \u00e4r ett samlingsnamn f\u00f6r homosexuella, bisexuella, transpersoner och queera. <\/p>\n","protected":false},"author":3,"featured_media":25240,"parent":25235,"menu_order":0,"comment_status":"closed","ping_status":"closed","template":"","meta":{"_acf_changed":false,"_helpful_status":1,"_relevanssi_hide_post":"","_relevanssi_hide_content":"","_relevanssi_pin_for_all":"","_relevanssi_pin_keywords":"","_relevanssi_unpin_keywords":"","_relevanssi_related_keywords":"","_relevanssi_related_include_ids":"","_relevanssi_related_exclude_ids":"","_relevanssi_related_no_append":"","_relevanssi_related_not_related":"","_relevanssi_related_posts":"","_relevanssi_noindex_reason":"","footnotes":""},"categories":[58],"tags":[67],"simple-restrict-permission":[],"class_list":["post-25236","page","type-page","status-publish","has-post-thumbnail","hentry","category-foraldrar-och-narstaende","tag-hbtqi"],"acf":[],"_links":{"self":[{"href":"https:\/\/friends.se\/ar\/wp-json\/wp\/v2\/pages\/25236","targetHints":{"allow":["GET"]}}],"collection":[{"href":"https:\/\/friends.se\/ar\/wp-json\/wp\/v2\/pages"}],"about":[{"href":"https:\/\/friends.se\/ar\/wp-json\/wp\/v2\/types\/page"}],"author":[{"embeddable":true,"href":"https:\/\/friends.se\/ar\/wp-json\/wp\/v2\/users\/3"}],"replies":[{"embeddable":true,"href":"https:\/\/friends.se\/ar\/wp-json\/wp\/v2\/comments?post=25236"}],"version-history":[{"count":5,"href":"https:\/\/friends.se\/ar\/wp-json\/wp\/v2\/pages\/25236\/revisions"}],"predecessor-version":[{"id":33044,"href":"https:\/\/friends.se\/ar\/wp-json\/wp\/v2\/pages\/25236\/revisions\/33044"}],"up":[{"embeddable":true,"href":"https:\/\/friends.se\/ar\/wp-json\/wp\/v2\/pages\/25235"}],"wp:featuredmedia":[{"embeddable":true,"href":"https:\/\/friends.se\/ar\/wp-json\/wp\/v2\/media\/25240"}],"wp:attachment":[{"href":"https:\/\/friends.se\/ar\/wp-json\/wp\/v2\/media?parent=25236"}],"wp:term":[{"taxonomy":"category","embeddable":true,"href":"https:\/\/friends.se\/ar\/wp-json\/wp\/v2\/categories?post=25236"},{"taxonomy":"post_tag","embeddable":true,"href":"https:\/\/friends.se\/ar\/wp-json\/wp\/v2\/tags?post=25236"},{"taxonomy":"simple-restrict-permission","embeddable":true,"href":"https:\/\/friends.se\/ar\/wp-json\/wp\/v2\/simple-restrict-permission?post=25236"}],"curies":[{"name":"wp","href":"https:\/\/api.w.org\/{rel}","templated":true}]}}