{"id":25203,"date":"2024-03-25T16:06:34","date_gmt":"2024-03-25T15:06:34","guid":{"rendered":"https:\/\/friends.se\/?page_id=25203"},"modified":"2026-02-20T15:50:31","modified_gmt":"2026-02-20T14:50:31","slug":"lar-dig-mer-om-funktionsvariation","status":"publish","type":"page","link":"https:\/\/friends.se\/ar\/kunskapsbanken\/foralder\/funktionsvariation\/lar-dig-mer-om-funktionsvariation\/","title":{"rendered":"L\u00e4r dig mer om funktionsvariation"},"content":{"rendered":"","protected":false},"excerpt":{"rendered":"<p>Funkofobisk mobbning kan yttra sig genom att personer sk\u00e4mtar om eller ignorerar n\u00e5gons funktionsneds\u00e4ttning.<\/p>\n","protected":false},"author":3,"featured_media":18089,"parent":25202,"menu_order":0,"comment_status":"closed","ping_status":"closed","template":"","meta":{"_acf_changed":false,"_helpful_status":1,"_relevanssi_hide_post":"","_relevanssi_hide_content":"","_relevanssi_pin_for_all":"","_relevanssi_pin_keywords":"","_relevanssi_unpin_keywords":"","_relevanssi_related_keywords":"","_relevanssi_related_include_ids":"","_relevanssi_related_exclude_ids":"","_relevanssi_related_no_append":"","_relevanssi_related_not_related":"","_relevanssi_related_posts":"","_relevanssi_noindex_reason":"","footnotes":""},"categories":[85],"tags":[93],"simple-restrict-permission":[],"class_list":["post-25203","page","type-page","status-publish","has-post-thumbnail","hentry","category-foraldrar-och-narstaende-ar","tag-funkofobi-ar"],"acf":[],"_links":{"self":[{"href":"https:\/\/friends.se\/ar\/wp-json\/wp\/v2\/pages\/25203","targetHints":{"allow":["GET"]}}],"collection":[{"href":"https:\/\/friends.se\/ar\/wp-json\/wp\/v2\/pages"}],"about":[{"href":"https:\/\/friends.se\/ar\/wp-json\/wp\/v2\/types\/page"}],"author":[{"embeddable":true,"href":"https:\/\/friends.se\/ar\/wp-json\/wp\/v2\/users\/3"}],"replies":[{"embeddable":true,"href":"https:\/\/friends.se\/ar\/wp-json\/wp\/v2\/comments?post=25203"}],"version-history":[{"count":6,"href":"https:\/\/friends.se\/ar\/wp-json\/wp\/v2\/pages\/25203\/revisions"}],"predecessor-version":[{"id":33045,"href":"https:\/\/friends.se\/ar\/wp-json\/wp\/v2\/pages\/25203\/revisions\/33045"}],"up":[{"embeddable":true,"href":"https:\/\/friends.se\/ar\/wp-json\/wp\/v2\/pages\/25202"}],"wp:featuredmedia":[{"embeddable":true,"href":"https:\/\/friends.se\/ar\/wp-json\/wp\/v2\/media\/18089"}],"wp:attachment":[{"href":"https:\/\/friends.se\/ar\/wp-json\/wp\/v2\/media?parent=25203"}],"wp:term":[{"taxonomy":"category","embeddable":true,"href":"https:\/\/friends.se\/ar\/wp-json\/wp\/v2\/categories?post=25203"},{"taxonomy":"post_tag","embeddable":true,"href":"https:\/\/friends.se\/ar\/wp-json\/wp\/v2\/tags?post=25203"},{"taxonomy":"simple-restrict-permission","embeddable":true,"href":"https:\/\/friends.se\/ar\/wp-json\/wp\/v2\/simple-restrict-permission?post=25203"}],"curies":[{"name":"wp","href":"https:\/\/api.w.org\/{rel}","templated":true}]}}