{"id":25202,"date":"2024-03-25T16:05:12","date_gmt":"2024-03-25T15:05:12","guid":{"rendered":"https:\/\/friends.se\/?page_id=25202"},"modified":"2026-02-20T15:38:51","modified_gmt":"2026-02-20T14:38:51","slug":"funktionsvariation","status":"publish","type":"page","link":"https:\/\/friends.se\/ar\/kunskapsbanken\/foralder\/funktionsvariation\/","title":{"rendered":"Funktionsvariation"},"content":{"rendered":"","protected":false},"excerpt":{"rendered":"<p>H\u00e4r kan du l\u00e4sa mer om funkofobisk mobbning och hur du kan st\u00f6tta ditt barn och prata om funktionsvariationer.<\/p>\n","protected":false},"author":3,"featured_media":0,"parent":11203,"menu_order":0,"comment_status":"closed","ping_status":"closed","template":"","meta":{"_acf_changed":false,"_helpful_status":1,"_relevanssi_hide_post":"","_relevanssi_hide_content":"","_relevanssi_pin_for_all":"","_relevanssi_pin_keywords":"","_relevanssi_unpin_keywords":"","_relevanssi_related_keywords":"","_relevanssi_related_include_ids":"","_relevanssi_related_exclude_ids":"","_relevanssi_related_no_append":"","_relevanssi_related_not_related":"","_relevanssi_related_posts":"","_relevanssi_noindex_reason":"","footnotes":""},"categories":[58],"tags":[63],"simple-restrict-permission":[],"class_list":["post-25202","page","type-page","status-publish","hentry","category-foraldrar-och-narstaende","tag-funktionsvariation"],"acf":[],"_links":{"self":[{"href":"https:\/\/friends.se\/ar\/wp-json\/wp\/v2\/pages\/25202","targetHints":{"allow":["GET"]}}],"collection":[{"href":"https:\/\/friends.se\/ar\/wp-json\/wp\/v2\/pages"}],"about":[{"href":"https:\/\/friends.se\/ar\/wp-json\/wp\/v2\/types\/page"}],"author":[{"embeddable":true,"href":"https:\/\/friends.se\/ar\/wp-json\/wp\/v2\/users\/3"}],"replies":[{"embeddable":true,"href":"https:\/\/friends.se\/ar\/wp-json\/wp\/v2\/comments?post=25202"}],"version-history":[{"count":4,"href":"https:\/\/friends.se\/ar\/wp-json\/wp\/v2\/pages\/25202\/revisions"}],"predecessor-version":[{"id":33035,"href":"https:\/\/friends.se\/ar\/wp-json\/wp\/v2\/pages\/25202\/revisions\/33035"}],"up":[{"embeddable":true,"href":"https:\/\/friends.se\/ar\/wp-json\/wp\/v2\/pages\/11203"}],"wp:attachment":[{"href":"https:\/\/friends.se\/ar\/wp-json\/wp\/v2\/media?parent=25202"}],"wp:term":[{"taxonomy":"category","embeddable":true,"href":"https:\/\/friends.se\/ar\/wp-json\/wp\/v2\/categories?post=25202"},{"taxonomy":"post_tag","embeddable":true,"href":"https:\/\/friends.se\/ar\/wp-json\/wp\/v2\/tags?post=25202"},{"taxonomy":"simple-restrict-permission","embeddable":true,"href":"https:\/\/friends.se\/ar\/wp-json\/wp\/v2\/simple-restrict-permission?post=25202"}],"curies":[{"name":"wp","href":"https:\/\/api.w.org\/{rel}","templated":true}]}}