{"id":25084,"date":"2024-03-21T11:27:16","date_gmt":"2024-03-21T10:27:16","guid":{"rendered":"https:\/\/friends.se\/?page_id=25084"},"modified":"2026-02-10T11:01:07","modified_gmt":"2026-02-10T10:01:07","slug":"sa-kan-du-stotta-ditt-barn-och-prata-om-ofrivillig-ensamhet","status":"publish","type":"page","link":"https:\/\/friends.se\/ar\/kunskapsbanken\/foralder\/mitt-barn-har-inga-vanner\/sa-kan-du-stotta-ditt-barn-och-prata-om-ofrivillig-ensamhet\/","title":{"rendered":"S\u00e5 kan du st\u00f6tta ditt barn och prata om ofrivillig ensamhet"},"content":{"rendered":"","protected":false},"excerpt":{"rendered":"<p>\u00c4r du orolig att ditt barn har sv\u00e5rt att f\u00e5 kompisar? St\u00e4ll fr\u00e5gor och prata med ditt barn om hur hen har det i f\u00f6rskolan eller skolan.<\/p>\n","protected":false},"author":3,"featured_media":25122,"parent":25082,"menu_order":0,"comment_status":"closed","ping_status":"closed","template":"","meta":{"_acf_changed":false,"_helpful_status":1,"_relevanssi_hide_post":"","_relevanssi_hide_content":"","_relevanssi_pin_for_all":"","_relevanssi_pin_keywords":"","_relevanssi_unpin_keywords":"","_relevanssi_related_keywords":"","_relevanssi_related_include_ids":"","_relevanssi_related_exclude_ids":"","_relevanssi_related_no_append":"","_relevanssi_related_not_related":"","_relevanssi_related_posts":"","_relevanssi_noindex_reason":"","footnotes":""},"categories":[58],"tags":[65],"simple-restrict-permission":[],"class_list":["post-25084","page","type-page","status-publish","has-post-thumbnail","hentry","category-foraldrar-och-narstaende","tag-ensamhet"],"acf":[],"_links":{"self":[{"href":"https:\/\/friends.se\/ar\/wp-json\/wp\/v2\/pages\/25084","targetHints":{"allow":["GET"]}}],"collection":[{"href":"https:\/\/friends.se\/ar\/wp-json\/wp\/v2\/pages"}],"about":[{"href":"https:\/\/friends.se\/ar\/wp-json\/wp\/v2\/types\/page"}],"author":[{"embeddable":true,"href":"https:\/\/friends.se\/ar\/wp-json\/wp\/v2\/users\/3"}],"replies":[{"embeddable":true,"href":"https:\/\/friends.se\/ar\/wp-json\/wp\/v2\/comments?post=25084"}],"version-history":[{"count":5,"href":"https:\/\/friends.se\/ar\/wp-json\/wp\/v2\/pages\/25084\/revisions"}],"predecessor-version":[{"id":32846,"href":"https:\/\/friends.se\/ar\/wp-json\/wp\/v2\/pages\/25084\/revisions\/32846"}],"up":[{"embeddable":true,"href":"https:\/\/friends.se\/ar\/wp-json\/wp\/v2\/pages\/25082"}],"wp:featuredmedia":[{"embeddable":true,"href":"https:\/\/friends.se\/ar\/wp-json\/wp\/v2\/media\/25122"}],"wp:attachment":[{"href":"https:\/\/friends.se\/ar\/wp-json\/wp\/v2\/media?parent=25084"}],"wp:term":[{"taxonomy":"category","embeddable":true,"href":"https:\/\/friends.se\/ar\/wp-json\/wp\/v2\/categories?post=25084"},{"taxonomy":"post_tag","embeddable":true,"href":"https:\/\/friends.se\/ar\/wp-json\/wp\/v2\/tags?post=25084"},{"taxonomy":"simple-restrict-permission","embeddable":true,"href":"https:\/\/friends.se\/ar\/wp-json\/wp\/v2\/simple-restrict-permission?post=25084"}],"curies":[{"name":"wp","href":"https:\/\/api.w.org\/{rel}","templated":true}]}}