{"id":25041,"date":"2024-03-19T08:30:08","date_gmt":"2024-03-19T07:30:08","guid":{"rendered":"https:\/\/friends.se\/?page_id=25041"},"modified":"2026-02-10T11:05:06","modified_gmt":"2026-02-10T10:05:06","slug":"lar-dig-mer-om-ofrivillig-ensamhet","status":"publish","type":"page","link":"https:\/\/friends.se\/ar\/kunskapsbanken\/foralder\/mitt-barn-har-inga-vanner\/lar-dig-mer-om-ofrivillig-ensamhet\/","title":{"rendered":"L\u00e4r dig mer om ofrivillig ensamhet"},"content":{"rendered":"","protected":false},"excerpt":{"rendered":"<p>Ensamhet, utanf\u00f6rskap och mobbning kan h\u00f6ra ihop. M\u00e5nga barns utsatthet kan bero p\u00e5 att de k\u00e4nner sig utanf\u00f6r och ensamma i skolan och p\u00e5 fritiden.<\/p>\n","protected":false},"author":3,"featured_media":5796,"parent":25082,"menu_order":0,"comment_status":"closed","ping_status":"closed","template":"","meta":{"_acf_changed":false,"_helpful_status":1,"_relevanssi_hide_post":"","_relevanssi_hide_content":"","_relevanssi_pin_for_all":"","_relevanssi_pin_keywords":"","_relevanssi_unpin_keywords":"","_relevanssi_related_keywords":"","_relevanssi_related_include_ids":"","_relevanssi_related_exclude_ids":"","_relevanssi_related_no_append":"","_relevanssi_related_not_related":"","_relevanssi_related_posts":"","_relevanssi_noindex_reason":"","footnotes":""},"categories":[58],"tags":[65],"simple-restrict-permission":[],"class_list":["post-25041","page","type-page","status-publish","has-post-thumbnail","hentry","category-foraldrar-och-narstaende","tag-ensamhet"],"acf":[],"_links":{"self":[{"href":"https:\/\/friends.se\/ar\/wp-json\/wp\/v2\/pages\/25041","targetHints":{"allow":["GET"]}}],"collection":[{"href":"https:\/\/friends.se\/ar\/wp-json\/wp\/v2\/pages"}],"about":[{"href":"https:\/\/friends.se\/ar\/wp-json\/wp\/v2\/types\/page"}],"author":[{"embeddable":true,"href":"https:\/\/friends.se\/ar\/wp-json\/wp\/v2\/users\/3"}],"replies":[{"embeddable":true,"href":"https:\/\/friends.se\/ar\/wp-json\/wp\/v2\/comments?post=25041"}],"version-history":[{"count":11,"href":"https:\/\/friends.se\/ar\/wp-json\/wp\/v2\/pages\/25041\/revisions"}],"predecessor-version":[{"id":32847,"href":"https:\/\/friends.se\/ar\/wp-json\/wp\/v2\/pages\/25041\/revisions\/32847"}],"up":[{"embeddable":true,"href":"https:\/\/friends.se\/ar\/wp-json\/wp\/v2\/pages\/25082"}],"wp:featuredmedia":[{"embeddable":true,"href":"https:\/\/friends.se\/ar\/wp-json\/wp\/v2\/media\/5796"}],"wp:attachment":[{"href":"https:\/\/friends.se\/ar\/wp-json\/wp\/v2\/media?parent=25041"}],"wp:term":[{"taxonomy":"category","embeddable":true,"href":"https:\/\/friends.se\/ar\/wp-json\/wp\/v2\/categories?post=25041"},{"taxonomy":"post_tag","embeddable":true,"href":"https:\/\/friends.se\/ar\/wp-json\/wp\/v2\/tags?post=25041"},{"taxonomy":"simple-restrict-permission","embeddable":true,"href":"https:\/\/friends.se\/ar\/wp-json\/wp\/v2\/simple-restrict-permission?post=25041"}],"curies":[{"name":"wp","href":"https:\/\/api.w.org\/{rel}","templated":true}]}}