{"id":24988,"date":"2024-03-17T15:37:04","date_gmt":"2024-03-17T14:37:04","guid":{"rendered":"https:\/\/friends.se\/?page_id=24988"},"modified":"2026-02-08T14:19:46","modified_gmt":"2026-02-08T13:19:46","slug":"vilket-ansvar-har-skola-forskola-och-foreningar","status":"publish","type":"page","link":"https:\/\/friends.se\/ar\/kunskapsbanken\/foralder\/vilket-ansvar-har-skola-forskola-och-foreningar\/","title":{"rendered":"Vilket ansvar har skola, f\u00f6rskola och f\u00f6reningar?"},"content":{"rendered":"","protected":false},"excerpt":{"rendered":"<p>Vuxna i skola, f\u00f6rskola och f\u00f6reningar har ett ansvar att f\u00f6rebygga och stoppa mobbning och kr\u00e4nkningar.<\/p>\n","protected":false},"author":3,"featured_media":0,"parent":11203,"menu_order":0,"comment_status":"closed","ping_status":"closed","template":"","meta":{"_acf_changed":false,"_helpful_status":1,"_relevanssi_hide_post":"","_relevanssi_hide_content":"","_relevanssi_pin_for_all":"","_relevanssi_pin_keywords":"","_relevanssi_unpin_keywords":"","_relevanssi_related_keywords":"","_relevanssi_related_include_ids":"","_relevanssi_related_exclude_ids":"","_relevanssi_related_no_append":"","_relevanssi_related_not_related":"","_relevanssi_related_posts":"","_relevanssi_noindex_reason":"","footnotes":""},"categories":[58],"tags":[],"simple-restrict-permission":[],"class_list":["post-24988","page","type-page","status-publish","hentry","category-foraldrar-och-narstaende"],"acf":[],"_links":{"self":[{"href":"https:\/\/friends.se\/ar\/wp-json\/wp\/v2\/pages\/24988","targetHints":{"allow":["GET"]}}],"collection":[{"href":"https:\/\/friends.se\/ar\/wp-json\/wp\/v2\/pages"}],"about":[{"href":"https:\/\/friends.se\/ar\/wp-json\/wp\/v2\/types\/page"}],"author":[{"embeddable":true,"href":"https:\/\/friends.se\/ar\/wp-json\/wp\/v2\/users\/3"}],"replies":[{"embeddable":true,"href":"https:\/\/friends.se\/ar\/wp-json\/wp\/v2\/comments?post=24988"}],"version-history":[{"count":9,"href":"https:\/\/friends.se\/ar\/wp-json\/wp\/v2\/pages\/24988\/revisions"}],"predecessor-version":[{"id":32824,"href":"https:\/\/friends.se\/ar\/wp-json\/wp\/v2\/pages\/24988\/revisions\/32824"}],"up":[{"embeddable":true,"href":"https:\/\/friends.se\/ar\/wp-json\/wp\/v2\/pages\/11203"}],"wp:attachment":[{"href":"https:\/\/friends.se\/ar\/wp-json\/wp\/v2\/media?parent=24988"}],"wp:term":[{"taxonomy":"category","embeddable":true,"href":"https:\/\/friends.se\/ar\/wp-json\/wp\/v2\/categories?post=24988"},{"taxonomy":"post_tag","embeddable":true,"href":"https:\/\/friends.se\/ar\/wp-json\/wp\/v2\/tags?post=24988"},{"taxonomy":"simple-restrict-permission","embeddable":true,"href":"https:\/\/friends.se\/ar\/wp-json\/wp\/v2\/simple-restrict-permission?post=24988"}],"curies":[{"name":"wp","href":"https:\/\/api.w.org\/{rel}","templated":true}]}}