{"id":24973,"date":"2024-03-17T15:28:45","date_gmt":"2024-03-17T14:28:45","guid":{"rendered":"https:\/\/friends.se\/?page_id=24973"},"modified":"2026-02-10T10:46:35","modified_gmt":"2026-02-10T09:46:35","slug":"lar-dig-mer-om-vanskap-och-kompisrelationer","status":"publish","type":"page","link":"https:\/\/friends.se\/ar\/kunskapsbanken\/foralder\/mitt-barn-har-problem-med-sina-kompisrelationer\/lar-dig-mer-om-vanskap-och-kompisrelationer\/","title":{"rendered":"L\u00e4r dig mer om v\u00e4nskap och kompisrelationer"},"content":{"rendered":"","protected":false},"excerpt":{"rendered":"<p>Samspelet mellan barn och unga kan ibland vara ganska komplext. L\u00e4s om bra och d\u00e5lig v\u00e4nskap och om v\u00e4nskap som skydd mot mobbning.<\/p>\n","protected":false},"author":3,"featured_media":24980,"parent":24971,"menu_order":0,"comment_status":"closed","ping_status":"closed","template":"","meta":{"_acf_changed":false,"_helpful_status":1,"_relevanssi_hide_post":"","_relevanssi_hide_content":"","_relevanssi_pin_for_all":"","_relevanssi_pin_keywords":"","_relevanssi_unpin_keywords":"","_relevanssi_related_keywords":"","_relevanssi_related_include_ids":"","_relevanssi_related_exclude_ids":"","_relevanssi_related_no_append":"","_relevanssi_related_not_related":"","_relevanssi_related_posts":"","_relevanssi_noindex_reason":"","footnotes":""},"categories":[58],"tags":[],"simple-restrict-permission":[],"class_list":["post-24973","page","type-page","status-publish","has-post-thumbnail","hentry","category-foraldrar-och-narstaende"],"acf":[],"_links":{"self":[{"href":"https:\/\/friends.se\/ar\/wp-json\/wp\/v2\/pages\/24973","targetHints":{"allow":["GET"]}}],"collection":[{"href":"https:\/\/friends.se\/ar\/wp-json\/wp\/v2\/pages"}],"about":[{"href":"https:\/\/friends.se\/ar\/wp-json\/wp\/v2\/types\/page"}],"author":[{"embeddable":true,"href":"https:\/\/friends.se\/ar\/wp-json\/wp\/v2\/users\/3"}],"replies":[{"embeddable":true,"href":"https:\/\/friends.se\/ar\/wp-json\/wp\/v2\/comments?post=24973"}],"version-history":[{"count":3,"href":"https:\/\/friends.se\/ar\/wp-json\/wp\/v2\/pages\/24973\/revisions"}],"predecessor-version":[{"id":32844,"href":"https:\/\/friends.se\/ar\/wp-json\/wp\/v2\/pages\/24973\/revisions\/32844"}],"up":[{"embeddable":true,"href":"https:\/\/friends.se\/ar\/wp-json\/wp\/v2\/pages\/24971"}],"wp:featuredmedia":[{"embeddable":true,"href":"https:\/\/friends.se\/ar\/wp-json\/wp\/v2\/media\/24980"}],"wp:attachment":[{"href":"https:\/\/friends.se\/ar\/wp-json\/wp\/v2\/media?parent=24973"}],"wp:term":[{"taxonomy":"category","embeddable":true,"href":"https:\/\/friends.se\/ar\/wp-json\/wp\/v2\/categories?post=24973"},{"taxonomy":"post_tag","embeddable":true,"href":"https:\/\/friends.se\/ar\/wp-json\/wp\/v2\/tags?post=24973"},{"taxonomy":"simple-restrict-permission","embeddable":true,"href":"https:\/\/friends.se\/ar\/wp-json\/wp\/v2\/simple-restrict-permission?post=24973"}],"curies":[{"name":"wp","href":"https:\/\/api.w.org\/{rel}","templated":true}]}}