{"id":24954,"date":"2024-03-17T12:53:46","date_gmt":"2024-03-17T11:53:46","guid":{"rendered":"https:\/\/friends.se\/?page_id=24954"},"modified":"2026-02-10T10:17:51","modified_gmt":"2026-02-10T09:17:51","slug":"sa-kan-du-stotta-ditt-barn-och-prata-om-rasism","status":"publish","type":"page","link":"https:\/\/friends.se\/ar\/kunskapsbanken\/foralder\/rasism\/sa-kan-du-stotta-ditt-barn-och-prata-om-rasism\/","title":{"rendered":"S\u00e5 kan du st\u00f6tta ditt barn och prata om rasism"},"content":{"rendered":"","protected":false},"excerpt":{"rendered":"<p>N\u00e4r du pratar med ditt barn om rasism \u00e4r det viktigt att lyssna och v\u00e5ga fr\u00e5ga om ditt barn m\u00f6ter rasistiska uttryck.<\/p>\n","protected":false},"author":3,"featured_media":6479,"parent":25125,"menu_order":0,"comment_status":"closed","ping_status":"closed","template":"","meta":{"_acf_changed":false,"_helpful_status":1,"_relevanssi_hide_post":"","_relevanssi_hide_content":"","_relevanssi_pin_for_all":"","_relevanssi_pin_keywords":"","_relevanssi_unpin_keywords":"","_relevanssi_related_keywords":"","_relevanssi_related_include_ids":"","_relevanssi_related_exclude_ids":"","_relevanssi_related_no_append":"","_relevanssi_related_not_related":"","_relevanssi_related_posts":"","_relevanssi_noindex_reason":"","footnotes":""},"categories":[58],"tags":[],"simple-restrict-permission":[],"class_list":["post-24954","page","type-page","status-publish","has-post-thumbnail","hentry","category-foraldrar-och-narstaende"],"acf":[],"_links":{"self":[{"href":"https:\/\/friends.se\/ar\/wp-json\/wp\/v2\/pages\/24954","targetHints":{"allow":["GET"]}}],"collection":[{"href":"https:\/\/friends.se\/ar\/wp-json\/wp\/v2\/pages"}],"about":[{"href":"https:\/\/friends.se\/ar\/wp-json\/wp\/v2\/types\/page"}],"author":[{"embeddable":true,"href":"https:\/\/friends.se\/ar\/wp-json\/wp\/v2\/users\/3"}],"replies":[{"embeddable":true,"href":"https:\/\/friends.se\/ar\/wp-json\/wp\/v2\/comments?post=24954"}],"version-history":[{"count":5,"href":"https:\/\/friends.se\/ar\/wp-json\/wp\/v2\/pages\/24954\/revisions"}],"predecessor-version":[{"id":32836,"href":"https:\/\/friends.se\/ar\/wp-json\/wp\/v2\/pages\/24954\/revisions\/32836"}],"up":[{"embeddable":true,"href":"https:\/\/friends.se\/ar\/wp-json\/wp\/v2\/pages\/25125"}],"wp:featuredmedia":[{"embeddable":true,"href":"https:\/\/friends.se\/ar\/wp-json\/wp\/v2\/media\/6479"}],"wp:attachment":[{"href":"https:\/\/friends.se\/ar\/wp-json\/wp\/v2\/media?parent=24954"}],"wp:term":[{"taxonomy":"category","embeddable":true,"href":"https:\/\/friends.se\/ar\/wp-json\/wp\/v2\/categories?post=24954"},{"taxonomy":"post_tag","embeddable":true,"href":"https:\/\/friends.se\/ar\/wp-json\/wp\/v2\/tags?post=24954"},{"taxonomy":"simple-restrict-permission","embeddable":true,"href":"https:\/\/friends.se\/ar\/wp-json\/wp\/v2\/simple-restrict-permission?post=24954"}],"curies":[{"name":"wp","href":"https:\/\/api.w.org\/{rel}","templated":true}]}}