{"id":24945,"date":"2024-03-17T12:30:35","date_gmt":"2024-03-17T11:30:35","guid":{"rendered":"https:\/\/friends.se\/?page_id=24945"},"modified":"2026-02-20T15:41:03","modified_gmt":"2026-02-20T14:41:03","slug":"sa-kan-du-stotta-ditt-barn-och-prata-om-funktionsvariation","status":"publish","type":"page","link":"https:\/\/friends.se\/ar\/kunskapsbanken\/foralder\/funktionsvariation\/sa-kan-du-stotta-ditt-barn-och-prata-om-funktionsvariation\/","title":{"rendered":"S\u00e5 kan du st\u00f6tta ditt barn och prata om funktionsvariation"},"content":{"rendered":"","protected":false},"excerpt":{"rendered":"<p>N\u00e4r du ska prata med ditt barn om utsatthet p\u00e5 grund av funktionsneds\u00e4ttning \u00e4r det viktigt att lyssna, skapa f\u00f6rtroende och v\u00e5ga prata om or\u00e4ttvisor. <\/p>\n","protected":false},"author":3,"featured_media":24946,"parent":25202,"menu_order":0,"comment_status":"closed","ping_status":"closed","template":"","meta":{"_acf_changed":false,"_helpful_status":1,"_relevanssi_hide_post":"","_relevanssi_hide_content":"","_relevanssi_pin_for_all":"","_relevanssi_pin_keywords":"","_relevanssi_unpin_keywords":"","_relevanssi_related_keywords":"","_relevanssi_related_include_ids":"","_relevanssi_related_exclude_ids":"","_relevanssi_related_no_append":"","_relevanssi_related_not_related":"","_relevanssi_related_posts":"","_relevanssi_noindex_reason":"","footnotes":""},"categories":[85],"tags":[93],"simple-restrict-permission":[],"class_list":["post-24945","page","type-page","status-publish","has-post-thumbnail","hentry","category-foraldrar-och-narstaende-ar","tag-funkofobi-ar"],"acf":[],"_links":{"self":[{"href":"https:\/\/friends.se\/ar\/wp-json\/wp\/v2\/pages\/24945","targetHints":{"allow":["GET"]}}],"collection":[{"href":"https:\/\/friends.se\/ar\/wp-json\/wp\/v2\/pages"}],"about":[{"href":"https:\/\/friends.se\/ar\/wp-json\/wp\/v2\/types\/page"}],"author":[{"embeddable":true,"href":"https:\/\/friends.se\/ar\/wp-json\/wp\/v2\/users\/3"}],"replies":[{"embeddable":true,"href":"https:\/\/friends.se\/ar\/wp-json\/wp\/v2\/comments?post=24945"}],"version-history":[{"count":6,"href":"https:\/\/friends.se\/ar\/wp-json\/wp\/v2\/pages\/24945\/revisions"}],"predecessor-version":[{"id":33038,"href":"https:\/\/friends.se\/ar\/wp-json\/wp\/v2\/pages\/24945\/revisions\/33038"}],"up":[{"embeddable":true,"href":"https:\/\/friends.se\/ar\/wp-json\/wp\/v2\/pages\/25202"}],"wp:featuredmedia":[{"embeddable":true,"href":"https:\/\/friends.se\/ar\/wp-json\/wp\/v2\/media\/24946"}],"wp:attachment":[{"href":"https:\/\/friends.se\/ar\/wp-json\/wp\/v2\/media?parent=24945"}],"wp:term":[{"taxonomy":"category","embeddable":true,"href":"https:\/\/friends.se\/ar\/wp-json\/wp\/v2\/categories?post=24945"},{"taxonomy":"post_tag","embeddable":true,"href":"https:\/\/friends.se\/ar\/wp-json\/wp\/v2\/tags?post=24945"},{"taxonomy":"simple-restrict-permission","embeddable":true,"href":"https:\/\/friends.se\/ar\/wp-json\/wp\/v2\/simple-restrict-permission?post=24945"}],"curies":[{"name":"wp","href":"https:\/\/api.w.org\/{rel}","templated":true}]}}