{"id":24940,"date":"2024-03-17T12:31:48","date_gmt":"2024-03-17T11:31:48","guid":{"rendered":"https:\/\/friends.se\/?page_id=24940"},"modified":"2026-02-11T10:23:41","modified_gmt":"2026-02-11T09:23:41","slug":"sa-kan-du-stotta-ditt-barn-och-prata-om-hbtq","status":"publish","type":"page","link":"https:\/\/friends.se\/ar\/kunskapsbanken\/foralder\/hbtq\/sa-kan-du-stotta-ditt-barn-och-prata-om-hbtq\/","title":{"rendered":"S\u00e5 kan du st\u00f6tta ditt barn och prata om hbtq+"},"content":{"rendered":"","protected":false},"excerpt":{"rendered":"<p>M\u00e5nga barn k\u00e4nner en oro \u00f6ver att ber\u00e4tta f\u00f6r sina f\u00f6r\u00e4ldrar. N\u00e4r du ska prata med ditt barn om hbtq+ \u00e4r det viktigt att lyssna och utg\u00e5 ifr\u00e5n ditt barn.<\/p>\n","protected":false},"author":3,"featured_media":24941,"parent":25235,"menu_order":0,"comment_status":"closed","ping_status":"closed","template":"","meta":{"_acf_changed":false,"_helpful_status":1,"_relevanssi_hide_post":"","_relevanssi_hide_content":"","_relevanssi_pin_for_all":"","_relevanssi_pin_keywords":"","_relevanssi_unpin_keywords":"","_relevanssi_related_keywords":"","_relevanssi_related_include_ids":"","_relevanssi_related_exclude_ids":"","_relevanssi_related_no_append":"","_relevanssi_related_not_related":"","_relevanssi_related_posts":"","_relevanssi_noindex_reason":"","footnotes":""},"categories":[58],"tags":[],"simple-restrict-permission":[],"class_list":["post-24940","page","type-page","status-publish","has-post-thumbnail","hentry","category-foraldrar-och-narstaende"],"acf":[],"_links":{"self":[{"href":"https:\/\/friends.se\/ar\/wp-json\/wp\/v2\/pages\/24940","targetHints":{"allow":["GET"]}}],"collection":[{"href":"https:\/\/friends.se\/ar\/wp-json\/wp\/v2\/pages"}],"about":[{"href":"https:\/\/friends.se\/ar\/wp-json\/wp\/v2\/types\/page"}],"author":[{"embeddable":true,"href":"https:\/\/friends.se\/ar\/wp-json\/wp\/v2\/users\/3"}],"replies":[{"embeddable":true,"href":"https:\/\/friends.se\/ar\/wp-json\/wp\/v2\/comments?post=24940"}],"version-history":[{"count":6,"href":"https:\/\/friends.se\/ar\/wp-json\/wp\/v2\/pages\/24940\/revisions"}],"predecessor-version":[{"id":32877,"href":"https:\/\/friends.se\/ar\/wp-json\/wp\/v2\/pages\/24940\/revisions\/32877"}],"up":[{"embeddable":true,"href":"https:\/\/friends.se\/ar\/wp-json\/wp\/v2\/pages\/25235"}],"wp:featuredmedia":[{"embeddable":true,"href":"https:\/\/friends.se\/ar\/wp-json\/wp\/v2\/media\/24941"}],"wp:attachment":[{"href":"https:\/\/friends.se\/ar\/wp-json\/wp\/v2\/media?parent=24940"}],"wp:term":[{"taxonomy":"category","embeddable":true,"href":"https:\/\/friends.se\/ar\/wp-json\/wp\/v2\/categories?post=24940"},{"taxonomy":"post_tag","embeddable":true,"href":"https:\/\/friends.se\/ar\/wp-json\/wp\/v2\/tags?post=24940"},{"taxonomy":"simple-restrict-permission","embeddable":true,"href":"https:\/\/friends.se\/ar\/wp-json\/wp\/v2\/simple-restrict-permission?post=24940"}],"curies":[{"name":"wp","href":"https:\/\/api.w.org\/{rel}","templated":true}]}}