{"id":24933,"date":"2024-03-17T14:24:16","date_gmt":"2024-03-17T13:24:16","guid":{"rendered":"https:\/\/friends.se\/?page_id=24933"},"modified":"2026-02-10T10:45:21","modified_gmt":"2026-02-10T09:45:21","slug":"sa-kan-du-stotta-ditt-barn-och-prata-om-kompisrelationer","status":"publish","type":"page","link":"https:\/\/friends.se\/ar\/kunskapsbanken\/foralder\/mitt-barn-har-problem-med-sina-kompisrelationer\/sa-kan-du-stotta-ditt-barn-och-prata-om-kompisrelationer\/","title":{"rendered":"S\u00e5 kan du st\u00f6tta ditt barn och prata om kompisrelationer"},"content":{"rendered":"","protected":false},"excerpt":{"rendered":"<p>V\u00e4nskap kan vara b\u00e5de h\u00e4rligt och sv\u00e5rt. Guida och st\u00f6tta barn och unga n\u00e4r det uppst\u00e5r skav i kompisrelationer.<\/p>\n","protected":false},"author":3,"featured_media":24906,"parent":24971,"menu_order":0,"comment_status":"closed","ping_status":"closed","template":"","meta":{"_acf_changed":false,"_helpful_status":1,"_relevanssi_hide_post":"","_relevanssi_hide_content":"","_relevanssi_pin_for_all":"","_relevanssi_pin_keywords":"","_relevanssi_unpin_keywords":"","_relevanssi_related_keywords":"","_relevanssi_related_include_ids":"","_relevanssi_related_exclude_ids":"","_relevanssi_related_no_append":"","_relevanssi_related_not_related":"","_relevanssi_related_posts":"","_relevanssi_noindex_reason":"","footnotes":""},"categories":[58],"tags":[],"simple-restrict-permission":[],"class_list":["post-24933","page","type-page","status-publish","has-post-thumbnail","hentry","category-foraldrar-och-narstaende"],"acf":[],"_links":{"self":[{"href":"https:\/\/friends.se\/ar\/wp-json\/wp\/v2\/pages\/24933","targetHints":{"allow":["GET"]}}],"collection":[{"href":"https:\/\/friends.se\/ar\/wp-json\/wp\/v2\/pages"}],"about":[{"href":"https:\/\/friends.se\/ar\/wp-json\/wp\/v2\/types\/page"}],"author":[{"embeddable":true,"href":"https:\/\/friends.se\/ar\/wp-json\/wp\/v2\/users\/3"}],"replies":[{"embeddable":true,"href":"https:\/\/friends.se\/ar\/wp-json\/wp\/v2\/comments?post=24933"}],"version-history":[{"count":6,"href":"https:\/\/friends.se\/ar\/wp-json\/wp\/v2\/pages\/24933\/revisions"}],"predecessor-version":[{"id":32843,"href":"https:\/\/friends.se\/ar\/wp-json\/wp\/v2\/pages\/24933\/revisions\/32843"}],"up":[{"embeddable":true,"href":"https:\/\/friends.se\/ar\/wp-json\/wp\/v2\/pages\/24971"}],"wp:featuredmedia":[{"embeddable":true,"href":"https:\/\/friends.se\/ar\/wp-json\/wp\/v2\/media\/24906"}],"wp:attachment":[{"href":"https:\/\/friends.se\/ar\/wp-json\/wp\/v2\/media?parent=24933"}],"wp:term":[{"taxonomy":"category","embeddable":true,"href":"https:\/\/friends.se\/ar\/wp-json\/wp\/v2\/categories?post=24933"},{"taxonomy":"post_tag","embeddable":true,"href":"https:\/\/friends.se\/ar\/wp-json\/wp\/v2\/tags?post=24933"},{"taxonomy":"simple-restrict-permission","embeddable":true,"href":"https:\/\/friends.se\/ar\/wp-json\/wp\/v2\/simple-restrict-permission?post=24933"}],"curies":[{"name":"wp","href":"https:\/\/api.w.org\/{rel}","templated":true}]}}