{"id":24930,"date":"2024-03-15T15:16:47","date_gmt":"2024-03-15T14:16:47","guid":{"rendered":"https:\/\/friends.se\/?page_id=24930"},"modified":"2026-02-08T14:22:59","modified_gmt":"2026-02-08T13:22:59","slug":"tips-for-att-prata-med-ditt-barn","status":"publish","type":"page","link":"https:\/\/friends.se\/ar\/kunskapsbanken\/foralder\/tips-for-att-prata-med-ditt-barn\/","title":{"rendered":"Tips f\u00f6r att prata med ditt barn"},"content":{"rendered":"","protected":false},"excerpt":{"rendered":"<p>Att prata med sitt barn om sv\u00e5ra saker \u00e4r inte alltid l\u00e4tt. H\u00e4r finns tips p\u00e5 hur du kan prata om mobbning, ensamhet, n\u00e4tmobbning och sexuella trakasserier.<\/p>\n","protected":false},"author":3,"featured_media":0,"parent":11203,"menu_order":0,"comment_status":"closed","ping_status":"closed","template":"","meta":{"_acf_changed":false,"_helpful_status":1,"_relevanssi_hide_post":"","_relevanssi_hide_content":"","_relevanssi_pin_for_all":"","_relevanssi_pin_keywords":"","_relevanssi_unpin_keywords":"","_relevanssi_related_keywords":"","_relevanssi_related_include_ids":"","_relevanssi_related_exclude_ids":"","_relevanssi_related_no_append":"","_relevanssi_related_not_related":"","_relevanssi_related_posts":"","_relevanssi_noindex_reason":"","footnotes":""},"categories":[58],"tags":[],"simple-restrict-permission":[],"class_list":["post-24930","page","type-page","status-publish","hentry","category-foraldrar-och-narstaende"],"acf":[],"_links":{"self":[{"href":"https:\/\/friends.se\/ar\/wp-json\/wp\/v2\/pages\/24930","targetHints":{"allow":["GET"]}}],"collection":[{"href":"https:\/\/friends.se\/ar\/wp-json\/wp\/v2\/pages"}],"about":[{"href":"https:\/\/friends.se\/ar\/wp-json\/wp\/v2\/types\/page"}],"author":[{"embeddable":true,"href":"https:\/\/friends.se\/ar\/wp-json\/wp\/v2\/users\/3"}],"replies":[{"embeddable":true,"href":"https:\/\/friends.se\/ar\/wp-json\/wp\/v2\/comments?post=24930"}],"version-history":[{"count":9,"href":"https:\/\/friends.se\/ar\/wp-json\/wp\/v2\/pages\/24930\/revisions"}],"predecessor-version":[{"id":32825,"href":"https:\/\/friends.se\/ar\/wp-json\/wp\/v2\/pages\/24930\/revisions\/32825"}],"up":[{"embeddable":true,"href":"https:\/\/friends.se\/ar\/wp-json\/wp\/v2\/pages\/11203"}],"wp:attachment":[{"href":"https:\/\/friends.se\/ar\/wp-json\/wp\/v2\/media?parent=24930"}],"wp:term":[{"taxonomy":"category","embeddable":true,"href":"https:\/\/friends.se\/ar\/wp-json\/wp\/v2\/categories?post=24930"},{"taxonomy":"post_tag","embeddable":true,"href":"https:\/\/friends.se\/ar\/wp-json\/wp\/v2\/tags?post=24930"},{"taxonomy":"simple-restrict-permission","embeddable":true,"href":"https:\/\/friends.se\/ar\/wp-json\/wp\/v2\/simple-restrict-permission?post=24930"}],"curies":[{"name":"wp","href":"https:\/\/api.w.org\/{rel}","templated":true}]}}