{"id":24772,"date":"2024-02-13T14:44:36","date_gmt":"2024-02-13T13:44:36","guid":{"rendered":"https:\/\/friends.se\/?page_id=24772"},"modified":"2026-02-10T11:47:52","modified_gmt":"2026-02-10T10:47:52","slug":"mitt-barn-ar-utsatt-for-mobbning","status":"publish","type":"page","link":"https:\/\/friends.se\/ar\/kunskapsbanken\/foralder\/mitt-barn-ar-utsatt-for-mobbning\/","title":{"rendered":"Mitt barn \u00e4r utsatt f\u00f6r mobbning"},"content":{"rendered":"","protected":false},"excerpt":{"rendered":"<p>Att f\u00e5 veta att ens barn \u00e4r utsatt f\u00f6r mobbning kan v\u00e4cka m\u00e5nga k\u00e4nslor, tankar och fr\u00e5gor. H\u00e4r f\u00e5r du tips p\u00e5 hur du kan agera och st\u00f6tta ditt barn.<\/p>\n","protected":false},"author":3,"featured_media":0,"parent":11203,"menu_order":0,"comment_status":"closed","ping_status":"closed","template":"","meta":{"_acf_changed":false,"_helpful_status":1,"_relevanssi_hide_post":"","_relevanssi_hide_content":"","_relevanssi_pin_for_all":"","_relevanssi_pin_keywords":"","_relevanssi_unpin_keywords":"","_relevanssi_related_keywords":"","_relevanssi_related_include_ids":"","_relevanssi_related_exclude_ids":"","_relevanssi_related_no_append":"","_relevanssi_related_not_related":"","_relevanssi_related_posts":"","_relevanssi_noindex_reason":"","footnotes":""},"categories":[58],"tags":[],"simple-restrict-permission":[],"class_list":["post-24772","page","type-page","status-publish","hentry","category-foraldrar-och-narstaende"],"acf":[],"_links":{"self":[{"href":"https:\/\/friends.se\/ar\/wp-json\/wp\/v2\/pages\/24772","targetHints":{"allow":["GET"]}}],"collection":[{"href":"https:\/\/friends.se\/ar\/wp-json\/wp\/v2\/pages"}],"about":[{"href":"https:\/\/friends.se\/ar\/wp-json\/wp\/v2\/types\/page"}],"author":[{"embeddable":true,"href":"https:\/\/friends.se\/ar\/wp-json\/wp\/v2\/users\/3"}],"replies":[{"embeddable":true,"href":"https:\/\/friends.se\/ar\/wp-json\/wp\/v2\/comments?post=24772"}],"version-history":[{"count":9,"href":"https:\/\/friends.se\/ar\/wp-json\/wp\/v2\/pages\/24772\/revisions"}],"predecessor-version":[{"id":32864,"href":"https:\/\/friends.se\/ar\/wp-json\/wp\/v2\/pages\/24772\/revisions\/32864"}],"up":[{"embeddable":true,"href":"https:\/\/friends.se\/ar\/wp-json\/wp\/v2\/pages\/11203"}],"wp:attachment":[{"href":"https:\/\/friends.se\/ar\/wp-json\/wp\/v2\/media?parent=24772"}],"wp:term":[{"taxonomy":"category","embeddable":true,"href":"https:\/\/friends.se\/ar\/wp-json\/wp\/v2\/categories?post=24772"},{"taxonomy":"post_tag","embeddable":true,"href":"https:\/\/friends.se\/ar\/wp-json\/wp\/v2\/tags?post=24772"},{"taxonomy":"simple-restrict-permission","embeddable":true,"href":"https:\/\/friends.se\/ar\/wp-json\/wp\/v2\/simple-restrict-permission?post=24772"}],"curies":[{"name":"wp","href":"https:\/\/api.w.org\/{rel}","templated":true}]}}