{"id":24769,"date":"2024-02-13T15:03:23","date_gmt":"2024-02-13T14:03:23","guid":{"rendered":"https:\/\/friends.se\/?page_id=24769"},"modified":"2026-02-10T11:43:28","modified_gmt":"2026-02-10T10:43:28","slug":"hur-kan-jag-stotta-mitt-barn","status":"publish","type":"page","link":"https:\/\/friends.se\/ar\/kunskapsbanken\/foralder\/mitt-barn-ar-utsatt-for-mobbning\/hur-kan-jag-stotta-mitt-barn\/","title":{"rendered":"Hur kan jag st\u00f6tta mitt barn?"},"content":{"rendered":"","protected":false},"excerpt":{"rendered":"<p>St\u00f6tta ditt barn genom att lyssna, validera och f\u00f6rklara att det inte \u00e4r ditt barns fel. N\u00e4r ditt barn har ber\u00e4ttat, hj\u00e4lp barnet att skifta perspektiv.<\/p>\n","protected":false},"author":3,"featured_media":6700,"parent":24772,"menu_order":0,"comment_status":"closed","ping_status":"closed","template":"","meta":{"_acf_changed":false,"_helpful_status":1,"_relevanssi_hide_post":"","_relevanssi_hide_content":"","_relevanssi_pin_for_all":"","_relevanssi_pin_keywords":"","_relevanssi_unpin_keywords":"","_relevanssi_related_keywords":"","_relevanssi_related_include_ids":"","_relevanssi_related_exclude_ids":"","_relevanssi_related_no_append":"","_relevanssi_related_not_related":"","_relevanssi_related_posts":"","_relevanssi_noindex_reason":"","footnotes":""},"categories":[58],"tags":[],"simple-restrict-permission":[],"class_list":["post-24769","page","type-page","status-publish","has-post-thumbnail","hentry","category-foraldrar-och-narstaende"],"acf":[],"_links":{"self":[{"href":"https:\/\/friends.se\/ar\/wp-json\/wp\/v2\/pages\/24769","targetHints":{"allow":["GET"]}}],"collection":[{"href":"https:\/\/friends.se\/ar\/wp-json\/wp\/v2\/pages"}],"about":[{"href":"https:\/\/friends.se\/ar\/wp-json\/wp\/v2\/types\/page"}],"author":[{"embeddable":true,"href":"https:\/\/friends.se\/ar\/wp-json\/wp\/v2\/users\/3"}],"replies":[{"embeddable":true,"href":"https:\/\/friends.se\/ar\/wp-json\/wp\/v2\/comments?post=24769"}],"version-history":[{"count":4,"href":"https:\/\/friends.se\/ar\/wp-json\/wp\/v2\/pages\/24769\/revisions"}],"predecessor-version":[{"id":32863,"href":"https:\/\/friends.se\/ar\/wp-json\/wp\/v2\/pages\/24769\/revisions\/32863"}],"up":[{"embeddable":true,"href":"https:\/\/friends.se\/ar\/wp-json\/wp\/v2\/pages\/24772"}],"wp:featuredmedia":[{"embeddable":true,"href":"https:\/\/friends.se\/ar\/wp-json\/wp\/v2\/media\/6700"}],"wp:attachment":[{"href":"https:\/\/friends.se\/ar\/wp-json\/wp\/v2\/media?parent=24769"}],"wp:term":[{"taxonomy":"category","embeddable":true,"href":"https:\/\/friends.se\/ar\/wp-json\/wp\/v2\/categories?post=24769"},{"taxonomy":"post_tag","embeddable":true,"href":"https:\/\/friends.se\/ar\/wp-json\/wp\/v2\/tags?post=24769"},{"taxonomy":"simple-restrict-permission","embeddable":true,"href":"https:\/\/friends.se\/ar\/wp-json\/wp\/v2\/simple-restrict-permission?post=24769"}],"curies":[{"name":"wp","href":"https:\/\/api.w.org\/{rel}","templated":true}]}}