{"id":24765,"date":"2024-02-13T14:30:45","date_gmt":"2024-02-13T13:30:45","guid":{"rendered":"https:\/\/friends.se\/?page_id=24765"},"modified":"2026-02-10T11:40:45","modified_gmt":"2026-02-10T10:40:45","slug":"om-ditt-barn-umgas-med-den-eller-de-som-mobbar","status":"publish","type":"page","link":"https:\/\/friends.se\/ar\/kunskapsbanken\/foralder\/mitt-barn-ar-utsatt-for-mobbning\/om-ditt-barn-umgas-med-den-eller-de-som-mobbar\/","title":{"rendered":"Om ditt barn umg\u00e5s med den eller de som mobbar"},"content":{"rendered":"","protected":false},"excerpt":{"rendered":"<p>M\u00e5nga barn vill leka och vara med den som uts\u00e4tter, vilket vuxna kanske inte alltid f\u00f6rst\u00e5r. H\u00e4r finns tips p\u00e5 hur du som vuxen kan hantera det.<\/p>\n","protected":false},"author":3,"featured_media":6681,"parent":24772,"menu_order":0,"comment_status":"closed","ping_status":"closed","template":"","meta":{"_acf_changed":false,"_helpful_status":1,"_relevanssi_hide_post":"","_relevanssi_hide_content":"","_relevanssi_pin_for_all":"","_relevanssi_pin_keywords":"","_relevanssi_unpin_keywords":"","_relevanssi_related_keywords":"","_relevanssi_related_include_ids":"","_relevanssi_related_exclude_ids":"","_relevanssi_related_no_append":"","_relevanssi_related_not_related":"","_relevanssi_related_posts":"","_relevanssi_noindex_reason":"","footnotes":""},"categories":[58],"tags":[],"simple-restrict-permission":[],"class_list":["post-24765","page","type-page","status-publish","has-post-thumbnail","hentry","category-foraldrar-och-narstaende"],"acf":[],"_links":{"self":[{"href":"https:\/\/friends.se\/ar\/wp-json\/wp\/v2\/pages\/24765","targetHints":{"allow":["GET"]}}],"collection":[{"href":"https:\/\/friends.se\/ar\/wp-json\/wp\/v2\/pages"}],"about":[{"href":"https:\/\/friends.se\/ar\/wp-json\/wp\/v2\/types\/page"}],"author":[{"embeddable":true,"href":"https:\/\/friends.se\/ar\/wp-json\/wp\/v2\/users\/3"}],"replies":[{"embeddable":true,"href":"https:\/\/friends.se\/ar\/wp-json\/wp\/v2\/comments?post=24765"}],"version-history":[{"count":3,"href":"https:\/\/friends.se\/ar\/wp-json\/wp\/v2\/pages\/24765\/revisions"}],"predecessor-version":[{"id":32861,"href":"https:\/\/friends.se\/ar\/wp-json\/wp\/v2\/pages\/24765\/revisions\/32861"}],"up":[{"embeddable":true,"href":"https:\/\/friends.se\/ar\/wp-json\/wp\/v2\/pages\/24772"}],"wp:featuredmedia":[{"embeddable":true,"href":"https:\/\/friends.se\/ar\/wp-json\/wp\/v2\/media\/6681"}],"wp:attachment":[{"href":"https:\/\/friends.se\/ar\/wp-json\/wp\/v2\/media?parent=24765"}],"wp:term":[{"taxonomy":"category","embeddable":true,"href":"https:\/\/friends.se\/ar\/wp-json\/wp\/v2\/categories?post=24765"},{"taxonomy":"post_tag","embeddable":true,"href":"https:\/\/friends.se\/ar\/wp-json\/wp\/v2\/tags?post=24765"},{"taxonomy":"simple-restrict-permission","embeddable":true,"href":"https:\/\/friends.se\/ar\/wp-json\/wp\/v2\/simple-restrict-permission?post=24765"}],"curies":[{"name":"wp","href":"https:\/\/api.w.org\/{rel}","templated":true}]}}