{"id":24760,"date":"2024-02-13T14:19:12","date_gmt":"2024-02-13T13:19:12","guid":{"rendered":"https:\/\/friends.se\/?page_id=24760"},"modified":"2026-02-10T11:36:14","modified_gmt":"2026-02-10T10:36:14","slug":"vad-gor-jag-om-mitt-barn-ar-utsatt-for-mobbning","status":"publish","type":"page","link":"https:\/\/friends.se\/ar\/kunskapsbanken\/foralder\/mitt-barn-ar-utsatt-for-mobbning\/vad-gor-jag-om-mitt-barn-ar-utsatt-for-mobbning\/","title":{"rendered":"Vad g\u00f6r jag om mitt barn \u00e4r utsatt f\u00f6r mobbning?"},"content":{"rendered":"","protected":false},"excerpt":{"rendered":"<p>Om ditt barn \u00e4r mobbat \u00e4r det viktigt att du agerar. Du kan agera genom att prata med ditt barn och kontakta ber\u00f6rda vuxna.<\/p>\n","protected":false},"author":3,"featured_media":8414,"parent":24772,"menu_order":0,"comment_status":"closed","ping_status":"closed","template":"","meta":{"_acf_changed":false,"_helpful_status":1,"_relevanssi_hide_post":"","_relevanssi_hide_content":"","_relevanssi_pin_for_all":"","_relevanssi_pin_keywords":"","_relevanssi_unpin_keywords":"","_relevanssi_related_keywords":"","_relevanssi_related_include_ids":"","_relevanssi_related_exclude_ids":"","_relevanssi_related_no_append":"","_relevanssi_related_not_related":"","_relevanssi_related_posts":"","_relevanssi_noindex_reason":"","footnotes":""},"categories":[85],"tags":[],"simple-restrict-permission":[],"class_list":["post-24760","page","type-page","status-publish","has-post-thumbnail","hentry","category-foraldrar-och-narstaende-ar"],"acf":[],"_links":{"self":[{"href":"https:\/\/friends.se\/ar\/wp-json\/wp\/v2\/pages\/24760","targetHints":{"allow":["GET"]}}],"collection":[{"href":"https:\/\/friends.se\/ar\/wp-json\/wp\/v2\/pages"}],"about":[{"href":"https:\/\/friends.se\/ar\/wp-json\/wp\/v2\/types\/page"}],"author":[{"embeddable":true,"href":"https:\/\/friends.se\/ar\/wp-json\/wp\/v2\/users\/3"}],"replies":[{"embeddable":true,"href":"https:\/\/friends.se\/ar\/wp-json\/wp\/v2\/comments?post=24760"}],"version-history":[{"count":11,"href":"https:\/\/friends.se\/ar\/wp-json\/wp\/v2\/pages\/24760\/revisions"}],"predecessor-version":[{"id":32859,"href":"https:\/\/friends.se\/ar\/wp-json\/wp\/v2\/pages\/24760\/revisions\/32859"}],"up":[{"embeddable":true,"href":"https:\/\/friends.se\/ar\/wp-json\/wp\/v2\/pages\/24772"}],"wp:featuredmedia":[{"embeddable":true,"href":"https:\/\/friends.se\/ar\/wp-json\/wp\/v2\/media\/8414"}],"wp:attachment":[{"href":"https:\/\/friends.se\/ar\/wp-json\/wp\/v2\/media?parent=24760"}],"wp:term":[{"taxonomy":"category","embeddable":true,"href":"https:\/\/friends.se\/ar\/wp-json\/wp\/v2\/categories?post=24760"},{"taxonomy":"post_tag","embeddable":true,"href":"https:\/\/friends.se\/ar\/wp-json\/wp\/v2\/tags?post=24760"},{"taxonomy":"simple-restrict-permission","embeddable":true,"href":"https:\/\/friends.se\/ar\/wp-json\/wp\/v2\/simple-restrict-permission?post=24760"}],"curies":[{"name":"wp","href":"https:\/\/api.w.org\/{rel}","templated":true}]}}