{"id":24757,"date":"2024-02-13T14:08:16","date_gmt":"2024-02-13T13:08:16","guid":{"rendered":"https:\/\/friends.se\/?page_id=24757"},"modified":"2026-02-10T11:42:12","modified_gmt":"2026-02-10T10:42:12","slug":"mitt-barn-vill-inte-beratta-om-sin-utsatthet","status":"publish","type":"page","link":"https:\/\/friends.se\/ar\/kunskapsbanken\/foralder\/mitt-barn-ar-utsatt-for-mobbning\/mitt-barn-vill-inte-beratta-om-sin-utsatthet\/","title":{"rendered":"Mitt barn vill inte ber\u00e4tta om sin utsatthet"},"content":{"rendered":"","protected":false},"excerpt":{"rendered":"<p>Barn som \u00e4r utsatta f\u00f6r mobbning kan ha sv\u00e5rt att dela med sig av sina upplevelser. Det kan handla om att barnet inte vill identifiera sig som mobbat.<\/p>\n","protected":false},"author":3,"featured_media":11322,"parent":24772,"menu_order":0,"comment_status":"closed","ping_status":"closed","template":"","meta":{"_acf_changed":false,"_helpful_status":1,"_relevanssi_hide_post":"","_relevanssi_hide_content":"","_relevanssi_pin_for_all":"","_relevanssi_pin_keywords":"","_relevanssi_unpin_keywords":"","_relevanssi_related_keywords":"","_relevanssi_related_include_ids":"","_relevanssi_related_exclude_ids":"","_relevanssi_related_no_append":"","_relevanssi_related_not_related":"","_relevanssi_related_posts":"","_relevanssi_noindex_reason":"","footnotes":""},"categories":[85],"tags":[],"simple-restrict-permission":[],"class_list":["post-24757","page","type-page","status-publish","has-post-thumbnail","hentry","category-foraldrar-och-narstaende-ar"],"acf":[],"_links":{"self":[{"href":"https:\/\/friends.se\/ar\/wp-json\/wp\/v2\/pages\/24757","targetHints":{"allow":["GET"]}}],"collection":[{"href":"https:\/\/friends.se\/ar\/wp-json\/wp\/v2\/pages"}],"about":[{"href":"https:\/\/friends.se\/ar\/wp-json\/wp\/v2\/types\/page"}],"author":[{"embeddable":true,"href":"https:\/\/friends.se\/ar\/wp-json\/wp\/v2\/users\/3"}],"replies":[{"embeddable":true,"href":"https:\/\/friends.se\/ar\/wp-json\/wp\/v2\/comments?post=24757"}],"version-history":[{"count":5,"href":"https:\/\/friends.se\/ar\/wp-json\/wp\/v2\/pages\/24757\/revisions"}],"predecessor-version":[{"id":32862,"href":"https:\/\/friends.se\/ar\/wp-json\/wp\/v2\/pages\/24757\/revisions\/32862"}],"up":[{"embeddable":true,"href":"https:\/\/friends.se\/ar\/wp-json\/wp\/v2\/pages\/24772"}],"wp:featuredmedia":[{"embeddable":true,"href":"https:\/\/friends.se\/ar\/wp-json\/wp\/v2\/media\/11322"}],"wp:attachment":[{"href":"https:\/\/friends.se\/ar\/wp-json\/wp\/v2\/media?parent=24757"}],"wp:term":[{"taxonomy":"category","embeddable":true,"href":"https:\/\/friends.se\/ar\/wp-json\/wp\/v2\/categories?post=24757"},{"taxonomy":"post_tag","embeddable":true,"href":"https:\/\/friends.se\/ar\/wp-json\/wp\/v2\/tags?post=24757"},{"taxonomy":"simple-restrict-permission","embeddable":true,"href":"https:\/\/friends.se\/ar\/wp-json\/wp\/v2\/simple-restrict-permission?post=24757"}],"curies":[{"name":"wp","href":"https:\/\/api.w.org\/{rel}","templated":true}]}}