{"id":24754,"date":"2024-02-13T13:56:20","date_gmt":"2024-02-13T12:56:20","guid":{"rendered":"https:\/\/friends.se\/?page_id=24754"},"modified":"2026-02-10T11:38:48","modified_gmt":"2026-02-10T10:38:48","slug":"tecken-pa-att-ett-barn-kan-vara-utsatt-for-mobbning","status":"publish","type":"page","link":"https:\/\/friends.se\/ar\/kunskapsbanken\/foralder\/mitt-barn-ar-utsatt-for-mobbning\/tecken-pa-att-ett-barn-kan-vara-utsatt-for-mobbning\/","title":{"rendered":"Tecken p\u00e5 att ett barn kan vara utsatt f\u00f6r mobbning"},"content":{"rendered":"","protected":false},"excerpt":{"rendered":"<p>Det kan vara sv\u00e5rt som vuxen att uppt\u00e4cka att barnet \u00e4r mobbat. H\u00e4r \u00e4r tecken att vara uppm\u00e4rksam p\u00e5.<\/p>\n","protected":false},"author":3,"featured_media":5800,"parent":24772,"menu_order":0,"comment_status":"closed","ping_status":"closed","template":"","meta":{"_acf_changed":false,"_helpful_status":1,"_relevanssi_hide_post":"","_relevanssi_hide_content":"","_relevanssi_pin_for_all":"","_relevanssi_pin_keywords":"","_relevanssi_unpin_keywords":"","_relevanssi_related_keywords":"","_relevanssi_related_include_ids":"","_relevanssi_related_exclude_ids":"","_relevanssi_related_no_append":"","_relevanssi_related_not_related":"","_relevanssi_related_posts":"","_relevanssi_noindex_reason":"","footnotes":""},"categories":[58],"tags":[],"simple-restrict-permission":[],"class_list":["post-24754","page","type-page","status-publish","has-post-thumbnail","hentry","category-foraldrar-och-narstaende"],"acf":[],"_links":{"self":[{"href":"https:\/\/friends.se\/ar\/wp-json\/wp\/v2\/pages\/24754","targetHints":{"allow":["GET"]}}],"collection":[{"href":"https:\/\/friends.se\/ar\/wp-json\/wp\/v2\/pages"}],"about":[{"href":"https:\/\/friends.se\/ar\/wp-json\/wp\/v2\/types\/page"}],"author":[{"embeddable":true,"href":"https:\/\/friends.se\/ar\/wp-json\/wp\/v2\/users\/3"}],"replies":[{"embeddable":true,"href":"https:\/\/friends.se\/ar\/wp-json\/wp\/v2\/comments?post=24754"}],"version-history":[{"count":5,"href":"https:\/\/friends.se\/ar\/wp-json\/wp\/v2\/pages\/24754\/revisions"}],"predecessor-version":[{"id":32860,"href":"https:\/\/friends.se\/ar\/wp-json\/wp\/v2\/pages\/24754\/revisions\/32860"}],"up":[{"embeddable":true,"href":"https:\/\/friends.se\/ar\/wp-json\/wp\/v2\/pages\/24772"}],"wp:featuredmedia":[{"embeddable":true,"href":"https:\/\/friends.se\/ar\/wp-json\/wp\/v2\/media\/5800"}],"wp:attachment":[{"href":"https:\/\/friends.se\/ar\/wp-json\/wp\/v2\/media?parent=24754"}],"wp:term":[{"taxonomy":"category","embeddable":true,"href":"https:\/\/friends.se\/ar\/wp-json\/wp\/v2\/categories?post=24754"},{"taxonomy":"post_tag","embeddable":true,"href":"https:\/\/friends.se\/ar\/wp-json\/wp\/v2\/tags?post=24754"},{"taxonomy":"simple-restrict-permission","embeddable":true,"href":"https:\/\/friends.se\/ar\/wp-json\/wp\/v2\/simple-restrict-permission?post=24754"}],"curies":[{"name":"wp","href":"https:\/\/api.w.org\/{rel}","templated":true}]}}