{"id":24745,"date":"2024-02-13T12:14:18","date_gmt":"2024-02-13T11:14:18","guid":{"rendered":"https:\/\/friends.se\/?page_id=24745"},"modified":"2026-02-11T10:20:58","modified_gmt":"2026-02-11T09:20:58","slug":"hur-kan-vi-stoppa-mobbning","status":"publish","type":"page","link":"https:\/\/friends.se\/ar\/kunskapsbanken\/foralder\/jag-vill-lara-mig-mer-om-mobbning\/hur-kan-vi-stoppa-mobbning\/","title":{"rendered":"Hur kan vi stoppa mobbning?"},"content":{"rendered":"","protected":false},"excerpt":{"rendered":"<p>Att stoppa mobbning kr\u00e4ver ett kontinuerligt arbete, och m\u00e5nga olika insatser, fr\u00e5n flera personer och p\u00e5 olika niv\u00e5er.<\/p>\n","protected":false},"author":3,"featured_media":12007,"parent":11354,"menu_order":0,"comment_status":"closed","ping_status":"closed","template":"","meta":{"_acf_changed":false,"_helpful_status":1,"_relevanssi_hide_post":"","_relevanssi_hide_content":"","_relevanssi_pin_for_all":"","_relevanssi_pin_keywords":"","_relevanssi_unpin_keywords":"","_relevanssi_related_keywords":"","_relevanssi_related_include_ids":"","_relevanssi_related_exclude_ids":"","_relevanssi_related_no_append":"","_relevanssi_related_not_related":"","_relevanssi_related_posts":"","_relevanssi_noindex_reason":"","footnotes":""},"categories":[85],"tags":[],"simple-restrict-permission":[],"class_list":["post-24745","page","type-page","status-publish","has-post-thumbnail","hentry","category-foraldrar-och-narstaende-ar"],"acf":[],"_links":{"self":[{"href":"https:\/\/friends.se\/ar\/wp-json\/wp\/v2\/pages\/24745","targetHints":{"allow":["GET"]}}],"collection":[{"href":"https:\/\/friends.se\/ar\/wp-json\/wp\/v2\/pages"}],"about":[{"href":"https:\/\/friends.se\/ar\/wp-json\/wp\/v2\/types\/page"}],"author":[{"embeddable":true,"href":"https:\/\/friends.se\/ar\/wp-json\/wp\/v2\/users\/3"}],"replies":[{"embeddable":true,"href":"https:\/\/friends.se\/ar\/wp-json\/wp\/v2\/comments?post=24745"}],"version-history":[{"count":3,"href":"https:\/\/friends.se\/ar\/wp-json\/wp\/v2\/pages\/24745\/revisions"}],"predecessor-version":[{"id":32875,"href":"https:\/\/friends.se\/ar\/wp-json\/wp\/v2\/pages\/24745\/revisions\/32875"}],"up":[{"embeddable":true,"href":"https:\/\/friends.se\/ar\/wp-json\/wp\/v2\/pages\/11354"}],"wp:featuredmedia":[{"embeddable":true,"href":"https:\/\/friends.se\/ar\/wp-json\/wp\/v2\/media\/12007"}],"wp:attachment":[{"href":"https:\/\/friends.se\/ar\/wp-json\/wp\/v2\/media?parent=24745"}],"wp:term":[{"taxonomy":"category","embeddable":true,"href":"https:\/\/friends.se\/ar\/wp-json\/wp\/v2\/categories?post=24745"},{"taxonomy":"post_tag","embeddable":true,"href":"https:\/\/friends.se\/ar\/wp-json\/wp\/v2\/tags?post=24745"},{"taxonomy":"simple-restrict-permission","embeddable":true,"href":"https:\/\/friends.se\/ar\/wp-json\/wp\/v2\/simple-restrict-permission?post=24745"}],"curies":[{"name":"wp","href":"https:\/\/api.w.org\/{rel}","templated":true}]}}