{"id":24740,"date":"2024-02-13T12:03:43","date_gmt":"2024-02-13T11:03:43","guid":{"rendered":"https:\/\/friends.se\/?page_id=24740"},"modified":"2026-02-11T10:14:45","modified_gmt":"2026-02-11T09:14:45","slug":"varfor-uppstar-mobbning","status":"publish","type":"page","link":"https:\/\/friends.se\/ar\/kunskapsbanken\/foralder\/jag-vill-lara-mig-mer-om-mobbning\/varfor-uppstar-mobbning\/","title":{"rendered":"Varf\u00f6r uppst\u00e5r mobbning?"},"content":{"rendered":"","protected":false},"excerpt":{"rendered":"<p>Mobbning \u00e4r ett komplext fenomen och det finns flera f\u00f6rklaringar till varf\u00f6r ett barn mobbar eller kr\u00e4nker ett annat barn. <\/p>\n","protected":false},"author":3,"featured_media":3211,"parent":11354,"menu_order":0,"comment_status":"closed","ping_status":"closed","template":"","meta":{"_acf_changed":false,"_helpful_status":1,"_relevanssi_hide_post":"","_relevanssi_hide_content":"","_relevanssi_pin_for_all":"","_relevanssi_pin_keywords":"","_relevanssi_unpin_keywords":"","_relevanssi_related_keywords":"","_relevanssi_related_include_ids":"","_relevanssi_related_exclude_ids":"","_relevanssi_related_no_append":"","_relevanssi_related_not_related":"","_relevanssi_related_posts":"","_relevanssi_noindex_reason":"","footnotes":""},"categories":[85],"tags":[],"simple-restrict-permission":[],"class_list":["post-24740","page","type-page","status-publish","has-post-thumbnail","hentry","category-foraldrar-och-narstaende-ar"],"acf":[],"_links":{"self":[{"href":"https:\/\/friends.se\/ar\/wp-json\/wp\/v2\/pages\/24740","targetHints":{"allow":["GET"]}}],"collection":[{"href":"https:\/\/friends.se\/ar\/wp-json\/wp\/v2\/pages"}],"about":[{"href":"https:\/\/friends.se\/ar\/wp-json\/wp\/v2\/types\/page"}],"author":[{"embeddable":true,"href":"https:\/\/friends.se\/ar\/wp-json\/wp\/v2\/users\/3"}],"replies":[{"embeddable":true,"href":"https:\/\/friends.se\/ar\/wp-json\/wp\/v2\/comments?post=24740"}],"version-history":[{"count":7,"href":"https:\/\/friends.se\/ar\/wp-json\/wp\/v2\/pages\/24740\/revisions"}],"predecessor-version":[{"id":32872,"href":"https:\/\/friends.se\/ar\/wp-json\/wp\/v2\/pages\/24740\/revisions\/32872"}],"up":[{"embeddable":true,"href":"https:\/\/friends.se\/ar\/wp-json\/wp\/v2\/pages\/11354"}],"wp:featuredmedia":[{"embeddable":true,"href":"https:\/\/friends.se\/ar\/wp-json\/wp\/v2\/media\/3211"}],"wp:attachment":[{"href":"https:\/\/friends.se\/ar\/wp-json\/wp\/v2\/media?parent=24740"}],"wp:term":[{"taxonomy":"category","embeddable":true,"href":"https:\/\/friends.se\/ar\/wp-json\/wp\/v2\/categories?post=24740"},{"taxonomy":"post_tag","embeddable":true,"href":"https:\/\/friends.se\/ar\/wp-json\/wp\/v2\/tags?post=24740"},{"taxonomy":"simple-restrict-permission","embeddable":true,"href":"https:\/\/friends.se\/ar\/wp-json\/wp\/v2\/simple-restrict-permission?post=24740"}],"curies":[{"name":"wp","href":"https:\/\/api.w.org\/{rel}","templated":true}]}}