{"id":24734,"date":"2024-02-13T11:33:51","date_gmt":"2024-02-13T10:33:51","guid":{"rendered":"https:\/\/friends.se\/?page_id=24734"},"modified":"2026-02-11T10:18:55","modified_gmt":"2026-02-11T09:18:55","slug":"hur-paverkar-mobbning","status":"publish","type":"page","link":"https:\/\/friends.se\/ar\/kunskapsbanken\/foralder\/jag-vill-lara-mig-mer-om-mobbning\/hur-paverkar-mobbning\/","title":{"rendered":"Hur p\u00e5verkar mobbning?"},"content":{"rendered":"","protected":false},"excerpt":{"rendered":"<p>Mobbning p\u00e5verkar p\u00e5 olika s\u00e4tt, b\u00e5de p\u00e5 kort och l\u00e5ng sikt. Mobbning kan bland annat p\u00e5verka relationer, betygen och psykisk oh\u00e4lsa.<\/p>\n","protected":false},"author":3,"featured_media":20780,"parent":11354,"menu_order":0,"comment_status":"closed","ping_status":"closed","template":"","meta":{"_acf_changed":false,"_helpful_status":1,"_relevanssi_hide_post":"","_relevanssi_hide_content":"","_relevanssi_pin_for_all":"","_relevanssi_pin_keywords":"","_relevanssi_unpin_keywords":"","_relevanssi_related_keywords":"","_relevanssi_related_include_ids":"","_relevanssi_related_exclude_ids":"","_relevanssi_related_no_append":"","_relevanssi_related_not_related":"","_relevanssi_related_posts":"","_relevanssi_noindex_reason":"","footnotes":""},"categories":[85],"tags":[],"simple-restrict-permission":[],"class_list":["post-24734","page","type-page","status-publish","has-post-thumbnail","hentry","category-foraldrar-och-narstaende-ar"],"acf":[],"_links":{"self":[{"href":"https:\/\/friends.se\/ar\/wp-json\/wp\/v2\/pages\/24734","targetHints":{"allow":["GET"]}}],"collection":[{"href":"https:\/\/friends.se\/ar\/wp-json\/wp\/v2\/pages"}],"about":[{"href":"https:\/\/friends.se\/ar\/wp-json\/wp\/v2\/types\/page"}],"author":[{"embeddable":true,"href":"https:\/\/friends.se\/ar\/wp-json\/wp\/v2\/users\/3"}],"replies":[{"embeddable":true,"href":"https:\/\/friends.se\/ar\/wp-json\/wp\/v2\/comments?post=24734"}],"version-history":[{"count":3,"href":"https:\/\/friends.se\/ar\/wp-json\/wp\/v2\/pages\/24734\/revisions"}],"predecessor-version":[{"id":32874,"href":"https:\/\/friends.se\/ar\/wp-json\/wp\/v2\/pages\/24734\/revisions\/32874"}],"up":[{"embeddable":true,"href":"https:\/\/friends.se\/ar\/wp-json\/wp\/v2\/pages\/11354"}],"wp:featuredmedia":[{"embeddable":true,"href":"https:\/\/friends.se\/ar\/wp-json\/wp\/v2\/media\/20780"}],"wp:attachment":[{"href":"https:\/\/friends.se\/ar\/wp-json\/wp\/v2\/media?parent=24734"}],"wp:term":[{"taxonomy":"category","embeddable":true,"href":"https:\/\/friends.se\/ar\/wp-json\/wp\/v2\/categories?post=24734"},{"taxonomy":"post_tag","embeddable":true,"href":"https:\/\/friends.se\/ar\/wp-json\/wp\/v2\/tags?post=24734"},{"taxonomy":"simple-restrict-permission","embeddable":true,"href":"https:\/\/friends.se\/ar\/wp-json\/wp\/v2\/simple-restrict-permission?post=24734"}],"curies":[{"name":"wp","href":"https:\/\/api.w.org\/{rel}","templated":true}]}}