{"id":242,"date":"2018-11-20T14:45:19","date_gmt":"2018-11-20T14:45:19","guid":{"rendered":"https:\/\/friends.se\/?page_id=242"},"modified":"2026-02-03T16:02:00","modified_gmt":"2026-02-03T15:02:00","slug":"anlita-oss","status":"publish","type":"page","link":"https:\/\/friends.se\/ar\/anlita-oss\/","title":{"rendered":"Anlita Friends"},"content":{"rendered":"","protected":false},"excerpt":{"rendered":"<p>Friends finns till f\u00f6r varje skola, f\u00f6rskola, idrottsf\u00f6rening och f\u00f6retag som vill f\u00f6rebygga och stoppa mobbning.<\/p>\n","protected":false},"author":3,"featured_media":0,"parent":0,"menu_order":0,"comment_status":"closed","ping_status":"closed","template":"","meta":{"_acf_changed":false,"_helpful_status":1,"_relevanssi_hide_post":"","_relevanssi_hide_content":"","_relevanssi_pin_for_all":"","_relevanssi_pin_keywords":"","_relevanssi_unpin_keywords":"","_relevanssi_related_keywords":"","_relevanssi_related_include_ids":"","_relevanssi_related_exclude_ids":"","_relevanssi_related_no_append":"","_relevanssi_related_not_related":"","_relevanssi_related_posts":"","_relevanssi_noindex_reason":"","footnotes":""},"categories":[107],"tags":[],"simple-restrict-permission":[],"class_list":["post-242","page","type-page","status-publish","hentry","category-anlita-friends"],"acf":[],"_links":{"self":[{"href":"https:\/\/friends.se\/ar\/wp-json\/wp\/v2\/pages\/242","targetHints":{"allow":["GET"]}}],"collection":[{"href":"https:\/\/friends.se\/ar\/wp-json\/wp\/v2\/pages"}],"about":[{"href":"https:\/\/friends.se\/ar\/wp-json\/wp\/v2\/types\/page"}],"author":[{"embeddable":true,"href":"https:\/\/friends.se\/ar\/wp-json\/wp\/v2\/users\/3"}],"replies":[{"embeddable":true,"href":"https:\/\/friends.se\/ar\/wp-json\/wp\/v2\/comments?post=242"}],"version-history":[{"count":12,"href":"https:\/\/friends.se\/ar\/wp-json\/wp\/v2\/pages\/242\/revisions"}],"predecessor-version":[{"id":32692,"href":"https:\/\/friends.se\/ar\/wp-json\/wp\/v2\/pages\/242\/revisions\/32692"}],"wp:attachment":[{"href":"https:\/\/friends.se\/ar\/wp-json\/wp\/v2\/media?parent=242"}],"wp:term":[{"taxonomy":"category","embeddable":true,"href":"https:\/\/friends.se\/ar\/wp-json\/wp\/v2\/categories?post=242"},{"taxonomy":"post_tag","embeddable":true,"href":"https:\/\/friends.se\/ar\/wp-json\/wp\/v2\/tags?post=242"},{"taxonomy":"simple-restrict-permission","embeddable":true,"href":"https:\/\/friends.se\/ar\/wp-json\/wp\/v2\/simple-restrict-permission?post=242"}],"curies":[{"name":"wp","href":"https:\/\/api.w.org\/{rel}","templated":true}]}}