{"id":21813,"date":"2023-10-04T12:49:45","date_gmt":"2023-10-04T10:49:45","guid":{"rendered":"https:\/\/friends.se\/?page_id=21813"},"modified":"2026-02-03T23:58:17","modified_gmt":"2026-02-03T22:58:17","slug":"barn-och-ungdomsledares-ansvar-vid-krankningar-och-mobbning","status":"publish","type":"page","link":"https:\/\/friends.se\/ar\/kunskapsbanken\/barn-och-ungdomsledare\/barn-och-ungdomsledares-ansvar-vid-krankningar-och-mobbning\/","title":{"rendered":"Barn- och ungdomsledares ansvar\u202fvid kr\u00e4nkningar och mobbning"},"content":{"rendered":"","protected":false},"excerpt":{"rendered":"<p>Barn- och ungdomsledare ska arbeta f\u00f6r att f\u00f6rebygga och minska mobbning och kr\u00e4nkningar, samt fr\u00e4mja en trygg milj\u00f6 f\u00f6r alla deltagare.<\/p>\n","protected":false},"author":3,"featured_media":0,"parent":21510,"menu_order":0,"comment_status":"closed","ping_status":"closed","template":"","meta":{"_acf_changed":false,"_helpful_status":1,"_relevanssi_hide_post":"","_relevanssi_hide_content":"","_relevanssi_pin_for_all":"","_relevanssi_pin_keywords":"","_relevanssi_unpin_keywords":"","_relevanssi_related_keywords":"","_relevanssi_related_include_ids":"","_relevanssi_related_exclude_ids":"","_relevanssi_related_no_append":"","_relevanssi_related_not_related":"","_relevanssi_related_posts":"","_relevanssi_noindex_reason":"","footnotes":""},"categories":[195],"tags":[],"simple-restrict-permission":[],"class_list":["post-21813","page","type-page","status-publish","hentry","category-barn-och-ungdomsledare"],"acf":[],"_links":{"self":[{"href":"https:\/\/friends.se\/ar\/wp-json\/wp\/v2\/pages\/21813","targetHints":{"allow":["GET"]}}],"collection":[{"href":"https:\/\/friends.se\/ar\/wp-json\/wp\/v2\/pages"}],"about":[{"href":"https:\/\/friends.se\/ar\/wp-json\/wp\/v2\/types\/page"}],"author":[{"embeddable":true,"href":"https:\/\/friends.se\/ar\/wp-json\/wp\/v2\/users\/3"}],"replies":[{"embeddable":true,"href":"https:\/\/friends.se\/ar\/wp-json\/wp\/v2\/comments?post=21813"}],"version-history":[{"count":11,"href":"https:\/\/friends.se\/ar\/wp-json\/wp\/v2\/pages\/21813\/revisions"}],"predecessor-version":[{"id":32724,"href":"https:\/\/friends.se\/ar\/wp-json\/wp\/v2\/pages\/21813\/revisions\/32724"}],"up":[{"embeddable":true,"href":"https:\/\/friends.se\/ar\/wp-json\/wp\/v2\/pages\/21510"}],"wp:attachment":[{"href":"https:\/\/friends.se\/ar\/wp-json\/wp\/v2\/media?parent=21813"}],"wp:term":[{"taxonomy":"category","embeddable":true,"href":"https:\/\/friends.se\/ar\/wp-json\/wp\/v2\/categories?post=21813"},{"taxonomy":"post_tag","embeddable":true,"href":"https:\/\/friends.se\/ar\/wp-json\/wp\/v2\/tags?post=21813"},{"taxonomy":"simple-restrict-permission","embeddable":true,"href":"https:\/\/friends.se\/ar\/wp-json\/wp\/v2\/simple-restrict-permission?post=21813"}],"curies":[{"name":"wp","href":"https:\/\/api.w.org\/{rel}","templated":true}]}}