{"id":21521,"date":"2023-09-19T12:50:14","date_gmt":"2023-09-19T10:50:14","guid":{"rendered":"https:\/\/friends.se\/?page_id=21521"},"modified":"2026-02-04T00:13:18","modified_gmt":"2026-02-03T23:13:18","slug":"krankningar-inom-barn-och-ungdomsverksamhet","status":"publish","type":"page","link":"https:\/\/friends.se\/ar\/kunskapsbanken\/barn-och-ungdomsledare\/krankningar-inom-barn-och-ungdomsverksamhet\/","title":{"rendered":"Jag vill veta mer om kr\u00e4nkningar\u202finom barn- och ungdomsverksamhet"},"content":{"rendered":"","protected":false},"excerpt":{"rendered":"<p>Kr\u00e4nkningar inom barn- och ungdomsverksamhet ska alltid utredas. H\u00e4r kan du som ledare l\u00e4sa om olika former av kr\u00e4nkningar och hur det kan ta sig uttryck.<\/p>\n","protected":false},"author":3,"featured_media":0,"parent":21510,"menu_order":0,"comment_status":"closed","ping_status":"closed","template":"","meta":{"_acf_changed":false,"_helpful_status":1,"_relevanssi_hide_post":"","_relevanssi_hide_content":"","_relevanssi_pin_for_all":"","_relevanssi_pin_keywords":"","_relevanssi_unpin_keywords":"","_relevanssi_related_keywords":"","_relevanssi_related_include_ids":"","_relevanssi_related_exclude_ids":"","_relevanssi_related_no_append":"","_relevanssi_related_not_related":"","_relevanssi_related_posts":"","_relevanssi_noindex_reason":"","footnotes":""},"categories":[195],"tags":[],"simple-restrict-permission":[],"class_list":["post-21521","page","type-page","status-publish","hentry","category-barn-och-ungdomsledare"],"acf":[],"_links":{"self":[{"href":"https:\/\/friends.se\/ar\/wp-json\/wp\/v2\/pages\/21521","targetHints":{"allow":["GET"]}}],"collection":[{"href":"https:\/\/friends.se\/ar\/wp-json\/wp\/v2\/pages"}],"about":[{"href":"https:\/\/friends.se\/ar\/wp-json\/wp\/v2\/types\/page"}],"author":[{"embeddable":true,"href":"https:\/\/friends.se\/ar\/wp-json\/wp\/v2\/users\/3"}],"replies":[{"embeddable":true,"href":"https:\/\/friends.se\/ar\/wp-json\/wp\/v2\/comments?post=21521"}],"version-history":[{"count":11,"href":"https:\/\/friends.se\/ar\/wp-json\/wp\/v2\/pages\/21521\/revisions"}],"predecessor-version":[{"id":32728,"href":"https:\/\/friends.se\/ar\/wp-json\/wp\/v2\/pages\/21521\/revisions\/32728"}],"up":[{"embeddable":true,"href":"https:\/\/friends.se\/ar\/wp-json\/wp\/v2\/pages\/21510"}],"wp:attachment":[{"href":"https:\/\/friends.se\/ar\/wp-json\/wp\/v2\/media?parent=21521"}],"wp:term":[{"taxonomy":"category","embeddable":true,"href":"https:\/\/friends.se\/ar\/wp-json\/wp\/v2\/categories?post=21521"},{"taxonomy":"post_tag","embeddable":true,"href":"https:\/\/friends.se\/ar\/wp-json\/wp\/v2\/tags?post=21521"},{"taxonomy":"simple-restrict-permission","embeddable":true,"href":"https:\/\/friends.se\/ar\/wp-json\/wp\/v2\/simple-restrict-permission?post=21521"}],"curies":[{"name":"wp","href":"https:\/\/api.w.org\/{rel}","templated":true}]}}