{"id":21514,"date":"2023-09-19T10:19:50","date_gmt":"2023-09-19T08:19:50","guid":{"rendered":"https:\/\/friends.se\/?page_id=21514"},"modified":"2026-02-19T10:22:43","modified_gmt":"2026-02-19T09:22:43","slug":"rad-och-stod","status":"publish","type":"page","link":"https:\/\/friends.se\/ar\/kunskapsbanken\/barn-och-ungdomsledare\/rad-och-stod\/","title":{"rendered":"R\u00e5d och st\u00f6d f\u00f6r barn- och ungdomsledare"},"content":{"rendered":"","protected":false},"excerpt":{"rendered":"<p>Kontakta Friends f\u00f6r r\u00e5d och st\u00f6d kring fr\u00e5gor som r\u00f6r utsatthet, mobbning, ensamhet med mera.<\/p>\n","protected":false},"author":3,"featured_media":0,"parent":21510,"menu_order":0,"comment_status":"closed","ping_status":"closed","template":"","meta":{"_acf_changed":false,"_helpful_status":1,"_relevanssi_hide_post":"","_relevanssi_hide_content":"","_relevanssi_pin_for_all":"","_relevanssi_pin_keywords":"","_relevanssi_unpin_keywords":"","_relevanssi_related_keywords":"","_relevanssi_related_include_ids":"","_relevanssi_related_exclude_ids":"","_relevanssi_related_no_append":"","_relevanssi_related_not_related":"","_relevanssi_related_posts":"","_relevanssi_noindex_reason":"","footnotes":""},"categories":[195],"tags":[],"simple-restrict-permission":[],"class_list":["post-21514","page","type-page","status-publish","hentry","category-barn-och-ungdomsledare"],"acf":[],"_links":{"self":[{"href":"https:\/\/friends.se\/ar\/wp-json\/wp\/v2\/pages\/21514","targetHints":{"allow":["GET"]}}],"collection":[{"href":"https:\/\/friends.se\/ar\/wp-json\/wp\/v2\/pages"}],"about":[{"href":"https:\/\/friends.se\/ar\/wp-json\/wp\/v2\/types\/page"}],"author":[{"embeddable":true,"href":"https:\/\/friends.se\/ar\/wp-json\/wp\/v2\/users\/3"}],"replies":[{"embeddable":true,"href":"https:\/\/friends.se\/ar\/wp-json\/wp\/v2\/comments?post=21514"}],"version-history":[{"count":14,"href":"https:\/\/friends.se\/ar\/wp-json\/wp\/v2\/pages\/21514\/revisions"}],"predecessor-version":[{"id":32999,"href":"https:\/\/friends.se\/ar\/wp-json\/wp\/v2\/pages\/21514\/revisions\/32999"}],"up":[{"embeddable":true,"href":"https:\/\/friends.se\/ar\/wp-json\/wp\/v2\/pages\/21510"}],"wp:attachment":[{"href":"https:\/\/friends.se\/ar\/wp-json\/wp\/v2\/media?parent=21514"}],"wp:term":[{"taxonomy":"category","embeddable":true,"href":"https:\/\/friends.se\/ar\/wp-json\/wp\/v2\/categories?post=21514"},{"taxonomy":"post_tag","embeddable":true,"href":"https:\/\/friends.se\/ar\/wp-json\/wp\/v2\/tags?post=21514"},{"taxonomy":"simple-restrict-permission","embeddable":true,"href":"https:\/\/friends.se\/ar\/wp-json\/wp\/v2\/simple-restrict-permission?post=21514"}],"curies":[{"name":"wp","href":"https:\/\/api.w.org\/{rel}","templated":true}]}}