{"id":21510,"date":"2023-09-19T09:52:54","date_gmt":"2023-09-19T07:52:54","guid":{"rendered":"https:\/\/friends.se\/?page_id=21510"},"modified":"2026-02-20T16:21:34","modified_gmt":"2026-02-20T15:21:34","slug":"barn-och-ungdomsledare","status":"publish","type":"page","link":"https:\/\/friends.se\/ar\/kunskapsbanken\/barn-och-ungdomsledare\/","title":{"rendered":"Barn- och ungdomsledare"},"content":{"rendered":"","protected":false},"excerpt":{"rendered":"<p>H\u00e4r hittar du som barn- och ungdomsledare \u00f6vningar, kunskap &#038; st\u00f6d f\u00f6r att f\u00f6rebygga och minska kr\u00e4nkningar och mobbning, samt skapa en trygg milj\u00f6 i gruppen.  <\/p>\n","protected":false},"author":3,"featured_media":0,"parent":11200,"menu_order":0,"comment_status":"closed","ping_status":"closed","template":"","meta":{"_acf_changed":false,"_helpful_status":1,"_relevanssi_hide_post":"","_relevanssi_hide_content":"","_relevanssi_pin_for_all":"","_relevanssi_pin_keywords":"","_relevanssi_unpin_keywords":"","_relevanssi_related_keywords":"","_relevanssi_related_include_ids":"","_relevanssi_related_exclude_ids":"","_relevanssi_related_no_append":"","_relevanssi_related_not_related":"","_relevanssi_related_posts":"","_relevanssi_noindex_reason":"","footnotes":""},"categories":[195,175],"tags":[],"simple-restrict-permission":[],"class_list":["post-21510","page","type-page","status-publish","hentry","category-barn-och-ungdomsledare","category-ej-kb-teaser"],"acf":[],"_links":{"self":[{"href":"https:\/\/friends.se\/ar\/wp-json\/wp\/v2\/pages\/21510","targetHints":{"allow":["GET"]}}],"collection":[{"href":"https:\/\/friends.se\/ar\/wp-json\/wp\/v2\/pages"}],"about":[{"href":"https:\/\/friends.se\/ar\/wp-json\/wp\/v2\/types\/page"}],"author":[{"embeddable":true,"href":"https:\/\/friends.se\/ar\/wp-json\/wp\/v2\/users\/3"}],"replies":[{"embeddable":true,"href":"https:\/\/friends.se\/ar\/wp-json\/wp\/v2\/comments?post=21510"}],"version-history":[{"count":15,"href":"https:\/\/friends.se\/ar\/wp-json\/wp\/v2\/pages\/21510\/revisions"}],"predecessor-version":[{"id":33071,"href":"https:\/\/friends.se\/ar\/wp-json\/wp\/v2\/pages\/21510\/revisions\/33071"}],"up":[{"embeddable":true,"href":"https:\/\/friends.se\/ar\/wp-json\/wp\/v2\/pages\/11200"}],"wp:attachment":[{"href":"https:\/\/friends.se\/ar\/wp-json\/wp\/v2\/media?parent=21510"}],"wp:term":[{"taxonomy":"category","embeddable":true,"href":"https:\/\/friends.se\/ar\/wp-json\/wp\/v2\/categories?post=21510"},{"taxonomy":"post_tag","embeddable":true,"href":"https:\/\/friends.se\/ar\/wp-json\/wp\/v2\/tags?post=21510"},{"taxonomy":"simple-restrict-permission","embeddable":true,"href":"https:\/\/friends.se\/ar\/wp-json\/wp\/v2\/simple-restrict-permission?post=21510"}],"curies":[{"name":"wp","href":"https:\/\/api.w.org\/{rel}","templated":true}]}}