{"id":19988,"date":"2023-05-12T14:19:07","date_gmt":"2023-05-12T12:19:07","guid":{"rendered":"https:\/\/friends.se\/?page_id=19988"},"modified":"2026-02-20T16:19:35","modified_gmt":"2026-02-20T15:19:35","slug":"idrottsledare","status":"publish","type":"page","link":"https:\/\/friends.se\/ar\/kunskapsbanken\/idrottsledare\/","title":{"rendered":"Idrottsledare"},"content":{"rendered":"","protected":false},"excerpt":{"rendered":"<p> H\u00e4r hittar du som idrottsledare \u00f6vningar, kunskap och st\u00f6d f\u00f6r att f\u00f6rebygga och minska kr\u00e4nkningar och mobbning, och skapa en trygg milj\u00f6 i f\u00f6reningen. <\/p>\n","protected":false},"author":3,"featured_media":0,"parent":11200,"menu_order":0,"comment_status":"closed","ping_status":"closed","template":"","meta":{"_acf_changed":false,"_helpful_status":1,"_relevanssi_hide_post":"","_relevanssi_hide_content":"","_relevanssi_pin_for_all":"","_relevanssi_pin_keywords":"","_relevanssi_unpin_keywords":"","_relevanssi_related_keywords":"","_relevanssi_related_include_ids":"","_relevanssi_related_exclude_ids":"","_relevanssi_related_no_append":"","_relevanssi_related_not_related":"","_relevanssi_related_posts":"","_relevanssi_noindex_reason":"","footnotes":""},"categories":[175,61],"tags":[],"simple-restrict-permission":[],"class_list":["post-19988","page","type-page","status-publish","hentry","category-ej-kb-teaser","category-idrottsledare"],"acf":[],"_links":{"self":[{"href":"https:\/\/friends.se\/ar\/wp-json\/wp\/v2\/pages\/19988","targetHints":{"allow":["GET"]}}],"collection":[{"href":"https:\/\/friends.se\/ar\/wp-json\/wp\/v2\/pages"}],"about":[{"href":"https:\/\/friends.se\/ar\/wp-json\/wp\/v2\/types\/page"}],"author":[{"embeddable":true,"href":"https:\/\/friends.se\/ar\/wp-json\/wp\/v2\/users\/3"}],"replies":[{"embeddable":true,"href":"https:\/\/friends.se\/ar\/wp-json\/wp\/v2\/comments?post=19988"}],"version-history":[{"count":16,"href":"https:\/\/friends.se\/ar\/wp-json\/wp\/v2\/pages\/19988\/revisions"}],"predecessor-version":[{"id":33069,"href":"https:\/\/friends.se\/ar\/wp-json\/wp\/v2\/pages\/19988\/revisions\/33069"}],"up":[{"embeddable":true,"href":"https:\/\/friends.se\/ar\/wp-json\/wp\/v2\/pages\/11200"}],"wp:attachment":[{"href":"https:\/\/friends.se\/ar\/wp-json\/wp\/v2\/media?parent=19988"}],"wp:term":[{"taxonomy":"category","embeddable":true,"href":"https:\/\/friends.se\/ar\/wp-json\/wp\/v2\/categories?post=19988"},{"taxonomy":"post_tag","embeddable":true,"href":"https:\/\/friends.se\/ar\/wp-json\/wp\/v2\/tags?post=19988"},{"taxonomy":"simple-restrict-permission","embeddable":true,"href":"https:\/\/friends.se\/ar\/wp-json\/wp\/v2\/simple-restrict-permission?post=19988"}],"curies":[{"name":"wp","href":"https:\/\/api.w.org\/{rel}","templated":true}]}}