{"id":18582,"date":"2023-03-17T10:17:03","date_gmt":"2023-03-17T09:17:03","guid":{"rendered":"https:\/\/friends.se\/?page_id=18582"},"modified":"2026-02-06T14:07:11","modified_gmt":"2026-02-06T13:07:11","slug":"normer-och-normmedvetenhet-i-skolan","status":"publish","type":"page","link":"https:\/\/friends.se\/ar\/kunskapsbanken\/skolpersonal\/normer-och-normmedvetenhet-i-skolan\/","title":{"rendered":"Normer och normmedvetenhet i skolan"},"content":{"rendered":"","protected":false},"excerpt":{"rendered":"<p>Uppt\u00e4ck hur du som skolpersonal kan arbeta med normmedvetenhet och normkritik. F\u00e5 r\u00e5d och tips p\u00e5 hur du kan bredda normen p\u00e5 din skola.<\/p>\n","protected":false},"author":3,"featured_media":0,"parent":17355,"menu_order":0,"comment_status":"closed","ping_status":"closed","template":"","meta":{"_acf_changed":false,"_helpful_status":1,"_relevanssi_hide_post":"","_relevanssi_hide_content":"","_relevanssi_pin_for_all":"","_relevanssi_pin_keywords":"","_relevanssi_unpin_keywords":"","_relevanssi_related_keywords":"","_relevanssi_related_include_ids":"","_relevanssi_related_exclude_ids":"","_relevanssi_related_no_append":"","_relevanssi_related_not_related":"","_relevanssi_related_posts":"","_relevanssi_noindex_reason":"","footnotes":""},"categories":[60],"tags":[],"simple-restrict-permission":[],"class_list":["post-18582","page","type-page","status-publish","hentry","category-skolpersonal"],"acf":[],"_links":{"self":[{"href":"https:\/\/friends.se\/ar\/wp-json\/wp\/v2\/pages\/18582","targetHints":{"allow":["GET"]}}],"collection":[{"href":"https:\/\/friends.se\/ar\/wp-json\/wp\/v2\/pages"}],"about":[{"href":"https:\/\/friends.se\/ar\/wp-json\/wp\/v2\/types\/page"}],"author":[{"embeddable":true,"href":"https:\/\/friends.se\/ar\/wp-json\/wp\/v2\/users\/3"}],"replies":[{"embeddable":true,"href":"https:\/\/friends.se\/ar\/wp-json\/wp\/v2\/comments?post=18582"}],"version-history":[{"count":12,"href":"https:\/\/friends.se\/ar\/wp-json\/wp\/v2\/pages\/18582\/revisions"}],"predecessor-version":[{"id":32778,"href":"https:\/\/friends.se\/ar\/wp-json\/wp\/v2\/pages\/18582\/revisions\/32778"}],"up":[{"embeddable":true,"href":"https:\/\/friends.se\/ar\/wp-json\/wp\/v2\/pages\/17355"}],"wp:attachment":[{"href":"https:\/\/friends.se\/ar\/wp-json\/wp\/v2\/media?parent=18582"}],"wp:term":[{"taxonomy":"category","embeddable":true,"href":"https:\/\/friends.se\/ar\/wp-json\/wp\/v2\/categories?post=18582"},{"taxonomy":"post_tag","embeddable":true,"href":"https:\/\/friends.se\/ar\/wp-json\/wp\/v2\/tags?post=18582"},{"taxonomy":"simple-restrict-permission","embeddable":true,"href":"https:\/\/friends.se\/ar\/wp-json\/wp\/v2\/simple-restrict-permission?post=18582"}],"curies":[{"name":"wp","href":"https:\/\/api.w.org\/{rel}","templated":true}]}}