{"id":1609,"date":"2019-01-08T15:18:03","date_gmt":"2019-01-08T14:18:03","guid":{"rendered":"https:\/\/friends.se\/?page_id=1609"},"modified":"2026-02-03T16:50:58","modified_gmt":"2026-02-03T15:50:58","slug":"testamente-och-arv","status":"publish","type":"page","link":"https:\/\/friends.se\/ar\/stod-oss\/testamente-och-arv\/","title":{"rendered":"Testamentera till Friends"},"content":{"rendered":"","protected":false},"excerpt":{"rendered":"<p>Ditt arv kan bidra till att f\u00e4rre barn uts\u00e4tts f\u00f6r mobbning och diskriminering. Via v\u00e5rt samarbete med Giva Sverige och Goda Testamentet kan du f\u00e5 hj\u00e4lp med r\u00e5dgivning och uppr\u00e4ttande av testamente.<\/p>\n","protected":false},"author":3,"featured_media":1992,"parent":1596,"menu_order":0,"comment_status":"closed","ping_status":"closed","template":"","meta":{"_acf_changed":false,"_helpful_status":1,"_relevanssi_hide_post":"","_relevanssi_hide_content":"","_relevanssi_pin_for_all":"","_relevanssi_pin_keywords":"","_relevanssi_unpin_keywords":"","_relevanssi_related_keywords":"","_relevanssi_related_include_ids":"","_relevanssi_related_exclude_ids":"","_relevanssi_related_no_append":"","_relevanssi_related_not_related":"","_relevanssi_related_posts":"","_relevanssi_noindex_reason":"","footnotes":""},"categories":[108],"tags":[],"simple-restrict-permission":[],"class_list":["post-1609","page","type-page","status-publish","has-post-thumbnail","hentry","category-ge-en-gava"],"acf":[],"_links":{"self":[{"href":"https:\/\/friends.se\/ar\/wp-json\/wp\/v2\/pages\/1609","targetHints":{"allow":["GET"]}}],"collection":[{"href":"https:\/\/friends.se\/ar\/wp-json\/wp\/v2\/pages"}],"about":[{"href":"https:\/\/friends.se\/ar\/wp-json\/wp\/v2\/types\/page"}],"author":[{"embeddable":true,"href":"https:\/\/friends.se\/ar\/wp-json\/wp\/v2\/users\/3"}],"replies":[{"embeddable":true,"href":"https:\/\/friends.se\/ar\/wp-json\/wp\/v2\/comments?post=1609"}],"version-history":[{"count":11,"href":"https:\/\/friends.se\/ar\/wp-json\/wp\/v2\/pages\/1609\/revisions"}],"predecessor-version":[{"id":32710,"href":"https:\/\/friends.se\/ar\/wp-json\/wp\/v2\/pages\/1609\/revisions\/32710"}],"up":[{"embeddable":true,"href":"https:\/\/friends.se\/ar\/wp-json\/wp\/v2\/pages\/1596"}],"wp:featuredmedia":[{"embeddable":true,"href":"https:\/\/friends.se\/ar\/wp-json\/wp\/v2\/media\/1992"}],"wp:attachment":[{"href":"https:\/\/friends.se\/ar\/wp-json\/wp\/v2\/media?parent=1609"}],"wp:term":[{"taxonomy":"category","embeddable":true,"href":"https:\/\/friends.se\/ar\/wp-json\/wp\/v2\/categories?post=1609"},{"taxonomy":"post_tag","embeddable":true,"href":"https:\/\/friends.se\/ar\/wp-json\/wp\/v2\/tags?post=1609"},{"taxonomy":"simple-restrict-permission","embeddable":true,"href":"https:\/\/friends.se\/ar\/wp-json\/wp\/v2\/simple-restrict-permission?post=1609"}],"curies":[{"name":"wp","href":"https:\/\/api.w.org\/{rel}","templated":true}]}}