{"id":1607,"date":"2019-01-08T15:17:17","date_gmt":"2019-01-08T14:17:17","guid":{"rendered":"https:\/\/friends.se\/?page_id=1607"},"modified":"2026-02-03T16:50:13","modified_gmt":"2026-02-03T15:50:13","slug":"samla-in-pengar","status":"publish","type":"page","link":"https:\/\/friends.se\/ar\/stod-oss\/samla-in-pengar\/","title":{"rendered":"Samla in pengar"},"content":{"rendered":"","protected":false},"excerpt":{"rendered":"<p>Ingen insats \u00e4r f\u00f6r liten, varje krona g\u00f6r skillnad och varje initiativ bidrar till en tryggare framtid f\u00f6r barn.<\/p>\n","protected":false},"author":3,"featured_media":1977,"parent":1596,"menu_order":0,"comment_status":"closed","ping_status":"closed","template":"","meta":{"_acf_changed":false,"_helpful_status":1,"_relevanssi_hide_post":"","_relevanssi_hide_content":"","_relevanssi_pin_for_all":"","_relevanssi_pin_keywords":"","_relevanssi_unpin_keywords":"","_relevanssi_related_keywords":"","_relevanssi_related_include_ids":"","_relevanssi_related_exclude_ids":"","_relevanssi_related_no_append":"","_relevanssi_related_not_related":"","_relevanssi_related_posts":"","_relevanssi_noindex_reason":"","footnotes":""},"categories":[108],"tags":[],"simple-restrict-permission":[],"class_list":["post-1607","page","type-page","status-publish","has-post-thumbnail","hentry","category-ge-en-gava"],"acf":[],"_links":{"self":[{"href":"https:\/\/friends.se\/ar\/wp-json\/wp\/v2\/pages\/1607","targetHints":{"allow":["GET"]}}],"collection":[{"href":"https:\/\/friends.se\/ar\/wp-json\/wp\/v2\/pages"}],"about":[{"href":"https:\/\/friends.se\/ar\/wp-json\/wp\/v2\/types\/page"}],"author":[{"embeddable":true,"href":"https:\/\/friends.se\/ar\/wp-json\/wp\/v2\/users\/3"}],"replies":[{"embeddable":true,"href":"https:\/\/friends.se\/ar\/wp-json\/wp\/v2\/comments?post=1607"}],"version-history":[{"count":11,"href":"https:\/\/friends.se\/ar\/wp-json\/wp\/v2\/pages\/1607\/revisions"}],"predecessor-version":[{"id":32709,"href":"https:\/\/friends.se\/ar\/wp-json\/wp\/v2\/pages\/1607\/revisions\/32709"}],"up":[{"embeddable":true,"href":"https:\/\/friends.se\/ar\/wp-json\/wp\/v2\/pages\/1596"}],"wp:featuredmedia":[{"embeddable":true,"href":"https:\/\/friends.se\/ar\/wp-json\/wp\/v2\/media\/1977"}],"wp:attachment":[{"href":"https:\/\/friends.se\/ar\/wp-json\/wp\/v2\/media?parent=1607"}],"wp:term":[{"taxonomy":"category","embeddable":true,"href":"https:\/\/friends.se\/ar\/wp-json\/wp\/v2\/categories?post=1607"},{"taxonomy":"post_tag","embeddable":true,"href":"https:\/\/friends.se\/ar\/wp-json\/wp\/v2\/tags?post=1607"},{"taxonomy":"simple-restrict-permission","embeddable":true,"href":"https:\/\/friends.se\/ar\/wp-json\/wp\/v2\/simple-restrict-permission?post=1607"}],"curies":[{"name":"wp","href":"https:\/\/api.w.org\/{rel}","templated":true}]}}