{"id":1274,"date":"2019-01-02T16:15:35","date_gmt":"2019-01-02T16:15:35","guid":{"rendered":"https:\/\/friends.se\/?page_id=1274"},"modified":"2026-02-03T11:39:19","modified_gmt":"2026-02-03T10:39:19","slug":"kontakta-oss","status":"publish","type":"page","link":"https:\/\/friends.se\/ar\/kontakta-oss\/","title":{"rendered":"Kontakta oss"},"content":{"rendered":"","protected":false},"excerpt":{"rendered":"<p>Vi har kontor i Malm\u00f6 och Ume\u00e5 samt huvudkontor i Solna, Stockholm. H\u00f6r g\u00e4rna av dig vid fr\u00e5gor.<\/p>\n","protected":false},"author":3,"featured_media":8930,"parent":0,"menu_order":0,"comment_status":"closed","ping_status":"closed","template":"","meta":{"_acf_changed":false,"_helpful_status":1,"_relevanssi_hide_post":"","_relevanssi_hide_content":"","_relevanssi_pin_for_all":"","_relevanssi_pin_keywords":"","_relevanssi_unpin_keywords":"","_relevanssi_related_keywords":"","_relevanssi_related_include_ids":"","_relevanssi_related_exclude_ids":"","_relevanssi_related_no_append":"","_relevanssi_related_not_related":"","_relevanssi_related_posts":"","_relevanssi_noindex_reason":"","footnotes":""},"categories":[112],"tags":[],"simple-restrict-permission":[],"class_list":["post-1274","page","type-page","status-publish","has-post-thumbnail","hentry","category-om-friends"],"acf":[],"_links":{"self":[{"href":"https:\/\/friends.se\/ar\/wp-json\/wp\/v2\/pages\/1274","targetHints":{"allow":["GET"]}}],"collection":[{"href":"https:\/\/friends.se\/ar\/wp-json\/wp\/v2\/pages"}],"about":[{"href":"https:\/\/friends.se\/ar\/wp-json\/wp\/v2\/types\/page"}],"author":[{"embeddable":true,"href":"https:\/\/friends.se\/ar\/wp-json\/wp\/v2\/users\/3"}],"replies":[{"embeddable":true,"href":"https:\/\/friends.se\/ar\/wp-json\/wp\/v2\/comments?post=1274"}],"version-history":[{"count":11,"href":"https:\/\/friends.se\/ar\/wp-json\/wp\/v2\/pages\/1274\/revisions"}],"predecessor-version":[{"id":32649,"href":"https:\/\/friends.se\/ar\/wp-json\/wp\/v2\/pages\/1274\/revisions\/32649"}],"wp:featuredmedia":[{"embeddable":true,"href":"https:\/\/friends.se\/ar\/wp-json\/wp\/v2\/media\/8930"}],"wp:attachment":[{"href":"https:\/\/friends.se\/ar\/wp-json\/wp\/v2\/media?parent=1274"}],"wp:term":[{"taxonomy":"category","embeddable":true,"href":"https:\/\/friends.se\/ar\/wp-json\/wp\/v2\/categories?post=1274"},{"taxonomy":"post_tag","embeddable":true,"href":"https:\/\/friends.se\/ar\/wp-json\/wp\/v2\/tags?post=1274"},{"taxonomy":"simple-restrict-permission","embeddable":true,"href":"https:\/\/friends.se\/ar\/wp-json\/wp\/v2\/simple-restrict-permission?post=1274"}],"curies":[{"name":"wp","href":"https:\/\/api.w.org\/{rel}","templated":true}]}}