{"id":1265,"date":"2019-01-02T15:26:27","date_gmt":"2019-01-02T15:26:27","guid":{"rendered":"https:\/\/friends.se\/?page_id=1265"},"modified":"2026-03-13T13:34:32","modified_gmt":"2026-03-13T12:34:32","slug":"medarbetare","status":"publish","type":"page","link":"https:\/\/friends.se\/ar\/kontakta-oss\/medarbetare\/","title":{"rendered":"Medarbetare"},"content":{"rendered":"","protected":false},"excerpt":{"rendered":"<p>Kontakta n\u00e5gon av v\u00e5ra medarbetare via mejl eller ring till Friends v\u00e4xel p\u00e5 08-545 519 90.<\/p>\n","protected":false},"author":3,"featured_media":15676,"parent":1274,"menu_order":0,"comment_status":"closed","ping_status":"closed","template":"","meta":{"_acf_changed":false,"_helpful_status":1,"_relevanssi_hide_post":"","_relevanssi_hide_content":"","_relevanssi_pin_for_all":"","_relevanssi_pin_keywords":"","_relevanssi_unpin_keywords":"","_relevanssi_related_keywords":"","_relevanssi_related_include_ids":"","_relevanssi_related_exclude_ids":"","_relevanssi_related_no_append":"","_relevanssi_related_not_related":"","_relevanssi_related_posts":"","_relevanssi_noindex_reason":"","footnotes":""},"categories":[112],"tags":[],"simple-restrict-permission":[],"class_list":["post-1265","page","type-page","status-publish","has-post-thumbnail","hentry","category-om-friends"],"acf":[],"_links":{"self":[{"href":"https:\/\/friends.se\/ar\/wp-json\/wp\/v2\/pages\/1265","targetHints":{"allow":["GET"]}}],"collection":[{"href":"https:\/\/friends.se\/ar\/wp-json\/wp\/v2\/pages"}],"about":[{"href":"https:\/\/friends.se\/ar\/wp-json\/wp\/v2\/types\/page"}],"author":[{"embeddable":true,"href":"https:\/\/friends.se\/ar\/wp-json\/wp\/v2\/users\/3"}],"replies":[{"embeddable":true,"href":"https:\/\/friends.se\/ar\/wp-json\/wp\/v2\/comments?post=1265"}],"version-history":[{"count":15,"href":"https:\/\/friends.se\/ar\/wp-json\/wp\/v2\/pages\/1265\/revisions"}],"predecessor-version":[{"id":33252,"href":"https:\/\/friends.se\/ar\/wp-json\/wp\/v2\/pages\/1265\/revisions\/33252"}],"up":[{"embeddable":true,"href":"https:\/\/friends.se\/ar\/wp-json\/wp\/v2\/pages\/1274"}],"wp:featuredmedia":[{"embeddable":true,"href":"https:\/\/friends.se\/ar\/wp-json\/wp\/v2\/media\/15676"}],"wp:attachment":[{"href":"https:\/\/friends.se\/ar\/wp-json\/wp\/v2\/media?parent=1265"}],"wp:term":[{"taxonomy":"category","embeddable":true,"href":"https:\/\/friends.se\/ar\/wp-json\/wp\/v2\/categories?post=1265"},{"taxonomy":"post_tag","embeddable":true,"href":"https:\/\/friends.se\/ar\/wp-json\/wp\/v2\/tags?post=1265"},{"taxonomy":"simple-restrict-permission","embeddable":true,"href":"https:\/\/friends.se\/ar\/wp-json\/wp\/v2\/simple-restrict-permission?post=1265"}],"curies":[{"name":"wp","href":"https:\/\/api.w.org\/{rel}","templated":true}]}}