{"id":1238,"date":"2019-01-02T12:18:16","date_gmt":"2019-01-02T12:18:16","guid":{"rendered":"https:\/\/friends.se\/?page_id=1238"},"modified":"2026-03-02T11:33:24","modified_gmt":"2026-03-02T10:33:24","slug":"idrottsforening","status":"publish","type":"page","link":"https:\/\/friends.se\/ar\/anlita-oss\/idrottsforening\/","title":{"rendered":"Insatser f\u00f6r idrottsf\u00f6reningar"},"content":{"rendered":"","protected":false},"excerpt":{"rendered":"<p>F\u00f6rebyggande och idrottsanpassade insatser mot mobbning, kr\u00e4nkningar och diskriminering. Vi hj\u00e4lper er att skapa ett schysst och j\u00e4mlikt idrottsklimat.<\/p>\n","protected":false},"author":3,"featured_media":17481,"parent":242,"menu_order":0,"comment_status":"closed","ping_status":"closed","template":"","meta":{"_acf_changed":false,"_helpful_status":1,"_relevanssi_hide_post":"","_relevanssi_hide_content":"","_relevanssi_pin_for_all":"","_relevanssi_pin_keywords":"","_relevanssi_unpin_keywords":"","_relevanssi_related_keywords":"","_relevanssi_related_include_ids":"","_relevanssi_related_exclude_ids":"","_relevanssi_related_no_append":"","_relevanssi_related_not_related":"","_relevanssi_related_posts":"","_relevanssi_noindex_reason":"","footnotes":""},"categories":[107],"tags":[],"simple-restrict-permission":[],"class_list":["post-1238","page","type-page","status-publish","has-post-thumbnail","hentry","category-anlita-friends"],"acf":[],"_links":{"self":[{"href":"https:\/\/friends.se\/ar\/wp-json\/wp\/v2\/pages\/1238","targetHints":{"allow":["GET"]}}],"collection":[{"href":"https:\/\/friends.se\/ar\/wp-json\/wp\/v2\/pages"}],"about":[{"href":"https:\/\/friends.se\/ar\/wp-json\/wp\/v2\/types\/page"}],"author":[{"embeddable":true,"href":"https:\/\/friends.se\/ar\/wp-json\/wp\/v2\/users\/3"}],"replies":[{"embeddable":true,"href":"https:\/\/friends.se\/ar\/wp-json\/wp\/v2\/comments?post=1238"}],"version-history":[{"count":13,"href":"https:\/\/friends.se\/ar\/wp-json\/wp\/v2\/pages\/1238\/revisions"}],"predecessor-version":[{"id":33181,"href":"https:\/\/friends.se\/ar\/wp-json\/wp\/v2\/pages\/1238\/revisions\/33181"}],"up":[{"embeddable":true,"href":"https:\/\/friends.se\/ar\/wp-json\/wp\/v2\/pages\/242"}],"wp:featuredmedia":[{"embeddable":true,"href":"https:\/\/friends.se\/ar\/wp-json\/wp\/v2\/media\/17481"}],"wp:attachment":[{"href":"https:\/\/friends.se\/ar\/wp-json\/wp\/v2\/media?parent=1238"}],"wp:term":[{"taxonomy":"category","embeddable":true,"href":"https:\/\/friends.se\/ar\/wp-json\/wp\/v2\/categories?post=1238"},{"taxonomy":"post_tag","embeddable":true,"href":"https:\/\/friends.se\/ar\/wp-json\/wp\/v2\/tags?post=1238"},{"taxonomy":"simple-restrict-permission","embeddable":true,"href":"https:\/\/friends.se\/ar\/wp-json\/wp\/v2\/simple-restrict-permission?post=1238"}],"curies":[{"name":"wp","href":"https:\/\/api.w.org\/{rel}","templated":true}]}}