{"id":12333,"date":"2022-04-06T12:59:01","date_gmt":"2022-04-06T10:59:01","guid":{"rendered":"https:\/\/friends.se\/?page_id=12333"},"modified":"2026-02-20T17:16:08","modified_gmt":"2026-02-20T16:16:08","slug":"vad-kan-jag-gora-om-jag-har-blivit-utsatt-for-sexuella-trakasserier","status":"publish","type":"page","link":"https:\/\/friends.se\/ar\/kunskapsbanken\/barn-och-unga\/vad-kan-jag-gora-om-jag-har-blivit-utsatt-for-sexuella-trakasserier\/","title":{"rendered":"Vad kan jag g\u00f6ra om jag har blivit utsatt f\u00f6r sexuella trakasserier?"},"content":{"rendered":"","protected":false},"excerpt":{"rendered":"<p>Du har r\u00e4tt till hj\u00e4lp och st\u00f6d vid sexuella trakasserier. I skolan finns det ett f\u00f6rbud mot alla former av sexuella trakasserier mot barn och elever.<\/p>\n","protected":false},"author":3,"featured_media":0,"parent":11325,"menu_order":0,"comment_status":"closed","ping_status":"closed","template":"","meta":{"_acf_changed":false,"_helpful_status":1,"_relevanssi_hide_post":"","_relevanssi_hide_content":"","_relevanssi_pin_for_all":"","_relevanssi_pin_keywords":"","_relevanssi_unpin_keywords":"","_relevanssi_related_keywords":"","_relevanssi_related_include_ids":"","_relevanssi_related_exclude_ids":"","_relevanssi_related_no_append":"","_relevanssi_related_not_related":"","_relevanssi_related_posts":"","_relevanssi_noindex_reason":"","footnotes":""},"categories":[90],"tags":[95],"simple-restrict-permission":[],"class_list":["post-12333","page","type-page","status-publish","hentry","category-barn-och-unga-ar","tag-sexuella-trakasserier-ar"],"acf":[],"_links":{"self":[{"href":"https:\/\/friends.se\/ar\/wp-json\/wp\/v2\/pages\/12333","targetHints":{"allow":["GET"]}}],"collection":[{"href":"https:\/\/friends.se\/ar\/wp-json\/wp\/v2\/pages"}],"about":[{"href":"https:\/\/friends.se\/ar\/wp-json\/wp\/v2\/types\/page"}],"author":[{"embeddable":true,"href":"https:\/\/friends.se\/ar\/wp-json\/wp\/v2\/users\/3"}],"replies":[{"embeddable":true,"href":"https:\/\/friends.se\/ar\/wp-json\/wp\/v2\/comments?post=12333"}],"version-history":[{"count":11,"href":"https:\/\/friends.se\/ar\/wp-json\/wp\/v2\/pages\/12333\/revisions"}],"predecessor-version":[{"id":33105,"href":"https:\/\/friends.se\/ar\/wp-json\/wp\/v2\/pages\/12333\/revisions\/33105"}],"up":[{"embeddable":true,"href":"https:\/\/friends.se\/ar\/wp-json\/wp\/v2\/pages\/11325"}],"wp:attachment":[{"href":"https:\/\/friends.se\/ar\/wp-json\/wp\/v2\/media?parent=12333"}],"wp:term":[{"taxonomy":"category","embeddable":true,"href":"https:\/\/friends.se\/ar\/wp-json\/wp\/v2\/categories?post=12333"},{"taxonomy":"post_tag","embeddable":true,"href":"https:\/\/friends.se\/ar\/wp-json\/wp\/v2\/tags?post=12333"},{"taxonomy":"simple-restrict-permission","embeddable":true,"href":"https:\/\/friends.se\/ar\/wp-json\/wp\/v2\/simple-restrict-permission?post=12333"}],"curies":[{"name":"wp","href":"https:\/\/api.w.org\/{rel}","templated":true}]}}