{"id":1232,"date":"2019-01-02T09:22:06","date_gmt":"2019-01-02T09:22:06","guid":{"rendered":"https:\/\/friends.se\/?page_id=1232"},"modified":"2026-01-29T08:05:11","modified_gmt":"2026-01-29T07:05:11","slug":"forskola","status":"publish","type":"page","link":"https:\/\/friends.se\/ar\/anlita-oss\/forskola\/","title":{"rendered":"Insatser f\u00f6r f\u00f6rskolan"},"content":{"rendered":"","protected":false},"excerpt":{"rendered":"<p>Vi hj\u00e4lper f\u00f6rskolor att komma ig\u00e5ng med ett l\u00e5ngsiktigt trygghetsarbete f\u00f6r de allra yngsta.<\/p>\n","protected":false},"author":3,"featured_media":1449,"parent":242,"menu_order":0,"comment_status":"closed","ping_status":"closed","template":"","meta":{"_acf_changed":false,"_helpful_status":1,"_relevanssi_hide_post":"","_relevanssi_hide_content":"","_relevanssi_pin_for_all":"","_relevanssi_pin_keywords":"","_relevanssi_unpin_keywords":"","_relevanssi_related_keywords":"","_relevanssi_related_include_ids":"","_relevanssi_related_exclude_ids":"","_relevanssi_related_no_append":"","_relevanssi_related_not_related":"","_relevanssi_related_posts":"","_relevanssi_noindex_reason":"","footnotes":""},"categories":[107],"tags":[],"simple-restrict-permission":[],"class_list":["post-1232","page","type-page","status-publish","has-post-thumbnail","hentry","category-anlita-friends"],"acf":[],"_links":{"self":[{"href":"https:\/\/friends.se\/ar\/wp-json\/wp\/v2\/pages\/1232","targetHints":{"allow":["GET"]}}],"collection":[{"href":"https:\/\/friends.se\/ar\/wp-json\/wp\/v2\/pages"}],"about":[{"href":"https:\/\/friends.se\/ar\/wp-json\/wp\/v2\/types\/page"}],"author":[{"embeddable":true,"href":"https:\/\/friends.se\/ar\/wp-json\/wp\/v2\/users\/3"}],"replies":[{"embeddable":true,"href":"https:\/\/friends.se\/ar\/wp-json\/wp\/v2\/comments?post=1232"}],"version-history":[{"count":10,"href":"https:\/\/friends.se\/ar\/wp-json\/wp\/v2\/pages\/1232\/revisions"}],"predecessor-version":[{"id":32394,"href":"https:\/\/friends.se\/ar\/wp-json\/wp\/v2\/pages\/1232\/revisions\/32394"}],"up":[{"embeddable":true,"href":"https:\/\/friends.se\/ar\/wp-json\/wp\/v2\/pages\/242"}],"wp:featuredmedia":[{"embeddable":true,"href":"https:\/\/friends.se\/ar\/wp-json\/wp\/v2\/media\/1449"}],"wp:attachment":[{"href":"https:\/\/friends.se\/ar\/wp-json\/wp\/v2\/media?parent=1232"}],"wp:term":[{"taxonomy":"category","embeddable":true,"href":"https:\/\/friends.se\/ar\/wp-json\/wp\/v2\/categories?post=1232"},{"taxonomy":"post_tag","embeddable":true,"href":"https:\/\/friends.se\/ar\/wp-json\/wp\/v2\/tags?post=1232"},{"taxonomy":"simple-restrict-permission","embeddable":true,"href":"https:\/\/friends.se\/ar\/wp-json\/wp\/v2\/simple-restrict-permission?post=1232"}],"curies":[{"name":"wp","href":"https:\/\/api.w.org\/{rel}","templated":true}]}}