{"id":12293,"date":"2022-04-05T16:24:20","date_gmt":"2022-04-05T14:24:20","guid":{"rendered":"https:\/\/friends.se\/?page_id=12293"},"modified":"2026-02-20T17:08:42","modified_gmt":"2026-02-20T16:08:42","slug":"vad-kan-jag-gora-om-jag-blir-utsatt-pa-natet","status":"publish","type":"page","link":"https:\/\/friends.se\/ar\/kunskapsbanken\/barn-och-unga\/vad-kan-jag-gora-om-jag-blir-utsatt-pa-natet\/","title":{"rendered":"Vad kan jag g\u00f6ra om jag blir utsatt p\u00e5 n\u00e4tet?"},"content":{"rendered":"","protected":false},"excerpt":{"rendered":"<p>Om du blir mobbad p\u00e5 n\u00e4tet \u00e4r det viktigt att ber\u00e4tta f\u00f6r en vuxen. Om mobbningen p\u00e5 n\u00e4tet p\u00e5verkar skolan har skolpersonalen ett ansvar att agera.<\/p>\n","protected":false},"author":3,"featured_media":0,"parent":11325,"menu_order":0,"comment_status":"closed","ping_status":"closed","template":"","meta":{"_acf_changed":false,"_helpful_status":1,"_relevanssi_hide_post":"","_relevanssi_hide_content":"","_relevanssi_pin_for_all":"","_relevanssi_pin_keywords":"","_relevanssi_unpin_keywords":"","_relevanssi_related_keywords":"","_relevanssi_related_include_ids":"","_relevanssi_related_exclude_ids":"","_relevanssi_related_no_append":"","_relevanssi_related_not_related":"","_relevanssi_related_posts":"","_relevanssi_noindex_reason":"","footnotes":""},"categories":[90],"tags":[102],"simple-restrict-permission":[],"class_list":["post-12293","page","type-page","status-publish","hentry","category-barn-och-unga-ar","tag-102"],"acf":[],"_links":{"self":[{"href":"https:\/\/friends.se\/ar\/wp-json\/wp\/v2\/pages\/12293","targetHints":{"allow":["GET"]}}],"collection":[{"href":"https:\/\/friends.se\/ar\/wp-json\/wp\/v2\/pages"}],"about":[{"href":"https:\/\/friends.se\/ar\/wp-json\/wp\/v2\/types\/page"}],"author":[{"embeddable":true,"href":"https:\/\/friends.se\/ar\/wp-json\/wp\/v2\/users\/3"}],"replies":[{"embeddable":true,"href":"https:\/\/friends.se\/ar\/wp-json\/wp\/v2\/comments?post=12293"}],"version-history":[{"count":11,"href":"https:\/\/friends.se\/ar\/wp-json\/wp\/v2\/pages\/12293\/revisions"}],"predecessor-version":[{"id":33103,"href":"https:\/\/friends.se\/ar\/wp-json\/wp\/v2\/pages\/12293\/revisions\/33103"}],"up":[{"embeddable":true,"href":"https:\/\/friends.se\/ar\/wp-json\/wp\/v2\/pages\/11325"}],"wp:attachment":[{"href":"https:\/\/friends.se\/ar\/wp-json\/wp\/v2\/media?parent=12293"}],"wp:term":[{"taxonomy":"category","embeddable":true,"href":"https:\/\/friends.se\/ar\/wp-json\/wp\/v2\/categories?post=12293"},{"taxonomy":"post_tag","embeddable":true,"href":"https:\/\/friends.se\/ar\/wp-json\/wp\/v2\/tags?post=12293"},{"taxonomy":"simple-restrict-permission","embeddable":true,"href":"https:\/\/friends.se\/ar\/wp-json\/wp\/v2\/simple-restrict-permission?post=12293"}],"curies":[{"name":"wp","href":"https:\/\/api.w.org\/{rel}","templated":true}]}}