{"id":12285,"date":"2022-04-05T14:50:15","date_gmt":"2022-04-05T12:50:15","guid":{"rendered":"https:\/\/friends.se\/?page_id=12285"},"modified":"2026-02-20T17:16:47","modified_gmt":"2026-02-20T16:16:47","slug":"vad-ska-foreningar-gora","status":"publish","type":"page","link":"https:\/\/friends.se\/ar\/kunskapsbanken\/barn-och-unga\/vad-ska-foreningar-gora\/","title":{"rendered":"Vad ska f\u00f6reningar g\u00f6ra?"},"content":{"rendered":"","protected":false},"excerpt":{"rendered":"<p>F\u00f6reningar ska arbeta f\u00f6r att skapa ett klimat d\u00e4r unga k\u00e4nner trygghet. Ledare ska agera f\u00f6r att f\u00e5 ett slut p\u00e5 mobbningen i f\u00f6reningen.<\/p>\n","protected":false},"author":3,"featured_media":1493,"parent":11325,"menu_order":0,"comment_status":"closed","ping_status":"closed","template":"","meta":{"_acf_changed":false,"_helpful_status":1,"_relevanssi_hide_post":"","_relevanssi_hide_content":"","_relevanssi_pin_for_all":"","_relevanssi_pin_keywords":"","_relevanssi_unpin_keywords":"","_relevanssi_related_keywords":"","_relevanssi_related_include_ids":"","_relevanssi_related_exclude_ids":"","_relevanssi_related_no_append":"","_relevanssi_related_not_related":"","_relevanssi_related_posts":"","_relevanssi_noindex_reason":"","footnotes":""},"categories":[57],"tags":[],"simple-restrict-permission":[],"class_list":["post-12285","page","type-page","status-publish","has-post-thumbnail","hentry","category-barn-och-unga"],"acf":[],"_links":{"self":[{"href":"https:\/\/friends.se\/ar\/wp-json\/wp\/v2\/pages\/12285","targetHints":{"allow":["GET"]}}],"collection":[{"href":"https:\/\/friends.se\/ar\/wp-json\/wp\/v2\/pages"}],"about":[{"href":"https:\/\/friends.se\/ar\/wp-json\/wp\/v2\/types\/page"}],"author":[{"embeddable":true,"href":"https:\/\/friends.se\/ar\/wp-json\/wp\/v2\/users\/3"}],"replies":[{"embeddable":true,"href":"https:\/\/friends.se\/ar\/wp-json\/wp\/v2\/comments?post=12285"}],"version-history":[{"count":11,"href":"https:\/\/friends.se\/ar\/wp-json\/wp\/v2\/pages\/12285\/revisions"}],"predecessor-version":[{"id":33106,"href":"https:\/\/friends.se\/ar\/wp-json\/wp\/v2\/pages\/12285\/revisions\/33106"}],"up":[{"embeddable":true,"href":"https:\/\/friends.se\/ar\/wp-json\/wp\/v2\/pages\/11325"}],"wp:featuredmedia":[{"embeddable":true,"href":"https:\/\/friends.se\/ar\/wp-json\/wp\/v2\/media\/1493"}],"wp:attachment":[{"href":"https:\/\/friends.se\/ar\/wp-json\/wp\/v2\/media?parent=12285"}],"wp:term":[{"taxonomy":"category","embeddable":true,"href":"https:\/\/friends.se\/ar\/wp-json\/wp\/v2\/categories?post=12285"},{"taxonomy":"post_tag","embeddable":true,"href":"https:\/\/friends.se\/ar\/wp-json\/wp\/v2\/tags?post=12285"},{"taxonomy":"simple-restrict-permission","embeddable":true,"href":"https:\/\/friends.se\/ar\/wp-json\/wp\/v2\/simple-restrict-permission?post=12285"}],"curies":[{"name":"wp","href":"https:\/\/api.w.org\/{rel}","templated":true}]}}