{"id":12278,"date":"2022-04-05T13:33:01","date_gmt":"2022-04-05T11:33:01","guid":{"rendered":"https:\/\/friends.se\/?page_id=12278"},"modified":"2026-02-20T17:07:35","modified_gmt":"2026-02-20T16:07:35","slug":"vad-kan-jag-gora-om-jag-blir-utsatt-pa-grund-av-sexuell-laggning-eller-konsidentitet","status":"publish","type":"page","link":"https:\/\/friends.se\/ar\/kunskapsbanken\/barn-och-unga\/vad-kan-jag-gora-om-jag-blir-utsatt-pa-grund-av-sexuell-laggning-eller-konsidentitet\/","title":{"rendered":"Vad kan jag g\u00f6ra om jag blir utsatt p\u00e5 grund av sexuell l\u00e4ggning eller k\u00f6nsidentitet?"},"content":{"rendered":"","protected":false},"excerpt":{"rendered":"<p>Om du \u00e4r mobbad p\u00e5 grund av sexuell l\u00e4ggning eller k\u00f6nsidentitet \u00e4r det bra att prata med en vuxen som du litar p\u00e5. Vuxna har en skyldighet att agera.<\/p>\n","protected":false},"author":3,"featured_media":0,"parent":11325,"menu_order":0,"comment_status":"closed","ping_status":"closed","template":"","meta":{"_acf_changed":false,"_helpful_status":1,"_relevanssi_hide_post":"","_relevanssi_hide_content":"","_relevanssi_pin_for_all":"","_relevanssi_pin_keywords":"","_relevanssi_unpin_keywords":"","_relevanssi_related_keywords":"","_relevanssi_related_include_ids":"","_relevanssi_related_exclude_ids":"","_relevanssi_related_no_append":"","_relevanssi_related_not_related":"","_relevanssi_related_posts":"","_relevanssi_noindex_reason":"","footnotes":""},"categories":[57],"tags":[67],"simple-restrict-permission":[],"class_list":["post-12278","page","type-page","status-publish","hentry","category-barn-och-unga","tag-hbtqi"],"acf":[],"_links":{"self":[{"href":"https:\/\/friends.se\/ar\/wp-json\/wp\/v2\/pages\/12278","targetHints":{"allow":["GET"]}}],"collection":[{"href":"https:\/\/friends.se\/ar\/wp-json\/wp\/v2\/pages"}],"about":[{"href":"https:\/\/friends.se\/ar\/wp-json\/wp\/v2\/types\/page"}],"author":[{"embeddable":true,"href":"https:\/\/friends.se\/ar\/wp-json\/wp\/v2\/users\/3"}],"replies":[{"embeddable":true,"href":"https:\/\/friends.se\/ar\/wp-json\/wp\/v2\/comments?post=12278"}],"version-history":[{"count":11,"href":"https:\/\/friends.se\/ar\/wp-json\/wp\/v2\/pages\/12278\/revisions"}],"predecessor-version":[{"id":33102,"href":"https:\/\/friends.se\/ar\/wp-json\/wp\/v2\/pages\/12278\/revisions\/33102"}],"up":[{"embeddable":true,"href":"https:\/\/friends.se\/ar\/wp-json\/wp\/v2\/pages\/11325"}],"wp:attachment":[{"href":"https:\/\/friends.se\/ar\/wp-json\/wp\/v2\/media?parent=12278"}],"wp:term":[{"taxonomy":"category","embeddable":true,"href":"https:\/\/friends.se\/ar\/wp-json\/wp\/v2\/categories?post=12278"},{"taxonomy":"post_tag","embeddable":true,"href":"https:\/\/friends.se\/ar\/wp-json\/wp\/v2\/tags?post=12278"},{"taxonomy":"simple-restrict-permission","embeddable":true,"href":"https:\/\/friends.se\/ar\/wp-json\/wp\/v2\/simple-restrict-permission?post=12278"}],"curies":[{"name":"wp","href":"https:\/\/api.w.org\/{rel}","templated":true}]}}