{"id":1209,"date":"2018-12-27T12:57:37","date_gmt":"2018-12-27T12:57:37","guid":{"rendered":"https:\/\/friends.se\/?page_id=1209"},"modified":"2026-02-06T18:04:58","modified_gmt":"2026-02-06T17:04:58","slug":"jobba-hos-oss","status":"publish","type":"page","link":"https:\/\/friends.se\/ar\/jobba-hos-oss\/","title":{"rendered":"Jobba hos oss"},"content":{"rendered":"","protected":false},"excerpt":{"rendered":"<p>Jobba hos oss och g\u00f6r skillnad p\u00e5 riktigt! H\u00e4r hittar du lediga tj\u00e4nster och kan l\u00e4sa mer om hur det \u00e4r att jobba p\u00e5 Friends.<\/p>\n","protected":false},"author":3,"featured_media":25225,"parent":0,"menu_order":0,"comment_status":"closed","ping_status":"closed","template":"","meta":{"_acf_changed":false,"_helpful_status":1,"_relevanssi_hide_post":"","_relevanssi_hide_content":"","_relevanssi_pin_for_all":"","_relevanssi_pin_keywords":"","_relevanssi_unpin_keywords":"","_relevanssi_related_keywords":"","_relevanssi_related_include_ids":"","_relevanssi_related_exclude_ids":"","_relevanssi_related_no_append":"","_relevanssi_related_not_related":"","_relevanssi_related_posts":"","_relevanssi_noindex_reason":"","footnotes":""},"categories":[112],"tags":[],"simple-restrict-permission":[],"class_list":["post-1209","page","type-page","status-publish","has-post-thumbnail","hentry","category-om-friends"],"acf":[],"_links":{"self":[{"href":"https:\/\/friends.se\/ar\/wp-json\/wp\/v2\/pages\/1209","targetHints":{"allow":["GET"]}}],"collection":[{"href":"https:\/\/friends.se\/ar\/wp-json\/wp\/v2\/pages"}],"about":[{"href":"https:\/\/friends.se\/ar\/wp-json\/wp\/v2\/types\/page"}],"author":[{"embeddable":true,"href":"https:\/\/friends.se\/ar\/wp-json\/wp\/v2\/users\/3"}],"replies":[{"embeddable":true,"href":"https:\/\/friends.se\/ar\/wp-json\/wp\/v2\/comments?post=1209"}],"version-history":[{"count":15,"href":"https:\/\/friends.se\/ar\/wp-json\/wp\/v2\/pages\/1209\/revisions"}],"predecessor-version":[{"id":32814,"href":"https:\/\/friends.se\/ar\/wp-json\/wp\/v2\/pages\/1209\/revisions\/32814"}],"wp:featuredmedia":[{"embeddable":true,"href":"https:\/\/friends.se\/ar\/wp-json\/wp\/v2\/media\/25225"}],"wp:attachment":[{"href":"https:\/\/friends.se\/ar\/wp-json\/wp\/v2\/media?parent=1209"}],"wp:term":[{"taxonomy":"category","embeddable":true,"href":"https:\/\/friends.se\/ar\/wp-json\/wp\/v2\/categories?post=1209"},{"taxonomy":"post_tag","embeddable":true,"href":"https:\/\/friends.se\/ar\/wp-json\/wp\/v2\/tags?post=1209"},{"taxonomy":"simple-restrict-permission","embeddable":true,"href":"https:\/\/friends.se\/ar\/wp-json\/wp\/v2\/simple-restrict-permission?post=1209"}],"curies":[{"name":"wp","href":"https:\/\/api.w.org\/{rel}","templated":true}]}}