{"id":11853,"date":"2022-03-16T15:55:37","date_gmt":"2022-03-16T14:55:37","guid":{"rendered":"https:\/\/friends.se\/?page_id=11853"},"modified":"2026-02-08T14:16:39","modified_gmt":"2026-02-08T13:16:39","slug":"barns-rattigheter","status":"publish","type":"page","link":"https:\/\/friends.se\/ar\/kunskapsbanken\/foralder\/vilket-ansvar-har-skola-forskola-och-foreningar\/barns-rattigheter\/","title":{"rendered":"Barns r\u00e4ttigheter"},"content":{"rendered":"","protected":false},"excerpt":{"rendered":"<p>Barnkonventionen \u00e4r tydlig med att mobbning \u00e4r en allvarlig form av v\u00e5ld mot barn och att varje barn har r\u00e4tt till ett liv helt fritt fr\u00e5n v\u00e5ld.<\/p>\n","protected":false},"author":3,"featured_media":8729,"parent":24988,"menu_order":0,"comment_status":"closed","ping_status":"closed","template":"","meta":{"_acf_changed":false,"_helpful_status":1,"_relevanssi_hide_post":"","_relevanssi_hide_content":"","_relevanssi_pin_for_all":"","_relevanssi_pin_keywords":"","_relevanssi_unpin_keywords":"","_relevanssi_related_keywords":"","_relevanssi_related_include_ids":"","_relevanssi_related_exclude_ids":"","_relevanssi_related_no_append":"","_relevanssi_related_not_related":"","_relevanssi_related_posts":"","_relevanssi_noindex_reason":"","footnotes":""},"categories":[58],"tags":[],"simple-restrict-permission":[],"class_list":["post-11853","page","type-page","status-publish","has-post-thumbnail","hentry","category-foraldrar-och-narstaende"],"acf":[],"_links":{"self":[{"href":"https:\/\/friends.se\/ar\/wp-json\/wp\/v2\/pages\/11853","targetHints":{"allow":["GET"]}}],"collection":[{"href":"https:\/\/friends.se\/ar\/wp-json\/wp\/v2\/pages"}],"about":[{"href":"https:\/\/friends.se\/ar\/wp-json\/wp\/v2\/types\/page"}],"author":[{"embeddable":true,"href":"https:\/\/friends.se\/ar\/wp-json\/wp\/v2\/users\/3"}],"replies":[{"embeddable":true,"href":"https:\/\/friends.se\/ar\/wp-json\/wp\/v2\/comments?post=11853"}],"version-history":[{"count":12,"href":"https:\/\/friends.se\/ar\/wp-json\/wp\/v2\/pages\/11853\/revisions"}],"predecessor-version":[{"id":32822,"href":"https:\/\/friends.se\/ar\/wp-json\/wp\/v2\/pages\/11853\/revisions\/32822"}],"up":[{"embeddable":true,"href":"https:\/\/friends.se\/ar\/wp-json\/wp\/v2\/pages\/24988"}],"wp:featuredmedia":[{"embeddable":true,"href":"https:\/\/friends.se\/ar\/wp-json\/wp\/v2\/media\/8729"}],"wp:attachment":[{"href":"https:\/\/friends.se\/ar\/wp-json\/wp\/v2\/media?parent=11853"}],"wp:term":[{"taxonomy":"category","embeddable":true,"href":"https:\/\/friends.se\/ar\/wp-json\/wp\/v2\/categories?post=11853"},{"taxonomy":"post_tag","embeddable":true,"href":"https:\/\/friends.se\/ar\/wp-json\/wp\/v2\/tags?post=11853"},{"taxonomy":"simple-restrict-permission","embeddable":true,"href":"https:\/\/friends.se\/ar\/wp-json\/wp\/v2\/simple-restrict-permission?post=11853"}],"curies":[{"name":"wp","href":"https:\/\/api.w.org\/{rel}","templated":true}]}}