{"id":11817,"date":"2022-03-15T22:21:38","date_gmt":"2022-03-15T21:21:38","guid":{"rendered":"https:\/\/friends.se\/?page_id=11817"},"modified":"2026-02-20T16:37:14","modified_gmt":"2026-02-20T15:37:14","slug":"jag-kanner-mig-ensam-och-utanfor","status":"publish","type":"page","link":"https:\/\/friends.se\/ar\/kunskapsbanken\/barn-och-unga\/jag-kanner-mig-ensam-och-utanfor\/","title":{"rendered":"Jag k\u00e4nner mig ensam och utanf\u00f6r"},"content":{"rendered":"","protected":false},"excerpt":{"rendered":"<p>Att k\u00e4nna sig ensam och utanf\u00f6r kan vara jobbigt om den inte \u00e4r sj\u00e4lvvald. Vuxna har en skyldighet att hj\u00e4lpa dig om du inte vill vara ensam.<\/p>\n","protected":false},"author":3,"featured_media":0,"parent":11325,"menu_order":0,"comment_status":"closed","ping_status":"closed","template":"","meta":{"_acf_changed":false,"_helpful_status":1,"_relevanssi_hide_post":"","_relevanssi_hide_content":"","_relevanssi_pin_for_all":"","_relevanssi_pin_keywords":"","_relevanssi_unpin_keywords":"","_relevanssi_related_keywords":"","_relevanssi_related_include_ids":"","_relevanssi_related_exclude_ids":"","_relevanssi_related_no_append":"","_relevanssi_related_not_related":"","_relevanssi_related_posts":"","_relevanssi_noindex_reason":"","footnotes":""},"categories":[90],"tags":[101],"simple-restrict-permission":[],"class_list":["post-11817","page","type-page","status-publish","hentry","category-barn-och-unga-ar","tag-101"],"acf":[],"_links":{"self":[{"href":"https:\/\/friends.se\/ar\/wp-json\/wp\/v2\/pages\/11817","targetHints":{"allow":["GET"]}}],"collection":[{"href":"https:\/\/friends.se\/ar\/wp-json\/wp\/v2\/pages"}],"about":[{"href":"https:\/\/friends.se\/ar\/wp-json\/wp\/v2\/types\/page"}],"author":[{"embeddable":true,"href":"https:\/\/friends.se\/ar\/wp-json\/wp\/v2\/users\/3"}],"replies":[{"embeddable":true,"href":"https:\/\/friends.se\/ar\/wp-json\/wp\/v2\/comments?post=11817"}],"version-history":[{"count":11,"href":"https:\/\/friends.se\/ar\/wp-json\/wp\/v2\/pages\/11817\/revisions"}],"predecessor-version":[{"id":33082,"href":"https:\/\/friends.se\/ar\/wp-json\/wp\/v2\/pages\/11817\/revisions\/33082"}],"up":[{"embeddable":true,"href":"https:\/\/friends.se\/ar\/wp-json\/wp\/v2\/pages\/11325"}],"wp:attachment":[{"href":"https:\/\/friends.se\/ar\/wp-json\/wp\/v2\/media?parent=11817"}],"wp:term":[{"taxonomy":"category","embeddable":true,"href":"https:\/\/friends.se\/ar\/wp-json\/wp\/v2\/categories?post=11817"},{"taxonomy":"post_tag","embeddable":true,"href":"https:\/\/friends.se\/ar\/wp-json\/wp\/v2\/tags?post=11817"},{"taxonomy":"simple-restrict-permission","embeddable":true,"href":"https:\/\/friends.se\/ar\/wp-json\/wp\/v2\/simple-restrict-permission?post=11817"}],"curies":[{"name":"wp","href":"https:\/\/api.w.org\/{rel}","templated":true}]}}