{"id":11800,"date":"2022-03-15T22:18:32","date_gmt":"2022-03-15T21:18:32","guid":{"rendered":"https:\/\/friends.se\/?page_id=11800"},"modified":"2026-02-20T16:50:26","modified_gmt":"2026-02-20T15:50:26","slug":"funktionsvariation","status":"publish","type":"page","link":"https:\/\/friends.se\/ar\/kunskapsbanken\/barn-och-unga\/funktionsvariation\/","title":{"rendered":"Vad \u00e4r funktionsvariation?"},"content":{"rendered":"","protected":false},"excerpt":{"rendered":"<p>Funktionsvariation belyser att alla \u00e4r olika och funkar olika. H\u00e4r kan du l\u00e4sa mer om funktionsvariation och olika funktionsneds\u00e4ttningar.<\/p>\n","protected":false},"author":3,"featured_media":0,"parent":11325,"menu_order":0,"comment_status":"closed","ping_status":"closed","template":"","meta":{"_acf_changed":false,"_helpful_status":1,"_relevanssi_hide_post":"","_relevanssi_hide_content":"","_relevanssi_pin_for_all":"","_relevanssi_pin_keywords":"","_relevanssi_unpin_keywords":"","_relevanssi_related_keywords":"","_relevanssi_related_include_ids":"","_relevanssi_related_exclude_ids":"","_relevanssi_related_no_append":"","_relevanssi_related_not_related":"","_relevanssi_related_posts":"","_relevanssi_noindex_reason":"","footnotes":""},"categories":[57],"tags":[213],"simple-restrict-permission":[],"class_list":["post-11800","page","type-page","status-publish","hentry","category-barn-och-unga","tag-funkofobi"],"acf":[],"_links":{"self":[{"href":"https:\/\/friends.se\/ar\/wp-json\/wp\/v2\/pages\/11800","targetHints":{"allow":["GET"]}}],"collection":[{"href":"https:\/\/friends.se\/ar\/wp-json\/wp\/v2\/pages"}],"about":[{"href":"https:\/\/friends.se\/ar\/wp-json\/wp\/v2\/types\/page"}],"author":[{"embeddable":true,"href":"https:\/\/friends.se\/ar\/wp-json\/wp\/v2\/users\/3"}],"replies":[{"embeddable":true,"href":"https:\/\/friends.se\/ar\/wp-json\/wp\/v2\/comments?post=11800"}],"version-history":[{"count":11,"href":"https:\/\/friends.se\/ar\/wp-json\/wp\/v2\/pages\/11800\/revisions"}],"predecessor-version":[{"id":33092,"href":"https:\/\/friends.se\/ar\/wp-json\/wp\/v2\/pages\/11800\/revisions\/33092"}],"up":[{"embeddable":true,"href":"https:\/\/friends.se\/ar\/wp-json\/wp\/v2\/pages\/11325"}],"wp:attachment":[{"href":"https:\/\/friends.se\/ar\/wp-json\/wp\/v2\/media?parent=11800"}],"wp:term":[{"taxonomy":"category","embeddable":true,"href":"https:\/\/friends.se\/ar\/wp-json\/wp\/v2\/categories?post=11800"},{"taxonomy":"post_tag","embeddable":true,"href":"https:\/\/friends.se\/ar\/wp-json\/wp\/v2\/tags?post=11800"},{"taxonomy":"simple-restrict-permission","embeddable":true,"href":"https:\/\/friends.se\/ar\/wp-json\/wp\/v2\/simple-restrict-permission?post=11800"}],"curies":[{"name":"wp","href":"https:\/\/api.w.org\/{rel}","templated":true}]}}