{"id":11799,"date":"2022-03-15T22:17:43","date_gmt":"2022-03-15T21:17:43","guid":{"rendered":"https:\/\/friends.se\/?page_id=11799"},"modified":"2026-02-20T17:00:26","modified_gmt":"2026-02-20T16:00:26","slug":"sexuella-trakasserier","status":"publish","type":"page","link":"https:\/\/friends.se\/ar\/kunskapsbanken\/barn-och-unga\/sexuella-trakasserier\/","title":{"rendered":"Vad \u00e4r sexuella trakasserier?"},"content":{"rendered":"","protected":false},"excerpt":{"rendered":"<p>Sexuella trakasserier \u00e4r n\u00e4r n\u00e5gon s\u00e4ger eller g\u00f6r n\u00e5got sexuellt mot din vilja. Varje person best\u00e4mmer vad som \u00e4r okej och inte f\u00f6r en sj\u00e4lv.<\/p>\n","protected":false},"author":3,"featured_media":0,"parent":11325,"menu_order":0,"comment_status":"closed","ping_status":"closed","template":"","meta":{"_acf_changed":false,"_helpful_status":1,"_relevanssi_hide_post":"","_relevanssi_hide_content":"","_relevanssi_pin_for_all":"","_relevanssi_pin_keywords":"","_relevanssi_unpin_keywords":"","_relevanssi_related_keywords":"","_relevanssi_related_include_ids":"","_relevanssi_related_exclude_ids":"","_relevanssi_related_no_append":"","_relevanssi_related_not_related":"","_relevanssi_related_posts":"","_relevanssi_noindex_reason":"","footnotes":""},"categories":[57],"tags":[66],"simple-restrict-permission":[],"class_list":["post-11799","page","type-page","status-publish","hentry","category-barn-och-unga","tag-sexuella-trakasserier"],"acf":[],"_links":{"self":[{"href":"https:\/\/friends.se\/ar\/wp-json\/wp\/v2\/pages\/11799","targetHints":{"allow":["GET"]}}],"collection":[{"href":"https:\/\/friends.se\/ar\/wp-json\/wp\/v2\/pages"}],"about":[{"href":"https:\/\/friends.se\/ar\/wp-json\/wp\/v2\/types\/page"}],"author":[{"embeddable":true,"href":"https:\/\/friends.se\/ar\/wp-json\/wp\/v2\/users\/3"}],"replies":[{"embeddable":true,"href":"https:\/\/friends.se\/ar\/wp-json\/wp\/v2\/comments?post=11799"}],"version-history":[{"count":12,"href":"https:\/\/friends.se\/ar\/wp-json\/wp\/v2\/pages\/11799\/revisions"}],"predecessor-version":[{"id":33098,"href":"https:\/\/friends.se\/ar\/wp-json\/wp\/v2\/pages\/11799\/revisions\/33098"}],"up":[{"embeddable":true,"href":"https:\/\/friends.se\/ar\/wp-json\/wp\/v2\/pages\/11325"}],"wp:attachment":[{"href":"https:\/\/friends.se\/ar\/wp-json\/wp\/v2\/media?parent=11799"}],"wp:term":[{"taxonomy":"category","embeddable":true,"href":"https:\/\/friends.se\/ar\/wp-json\/wp\/v2\/categories?post=11799"},{"taxonomy":"post_tag","embeddable":true,"href":"https:\/\/friends.se\/ar\/wp-json\/wp\/v2\/tags?post=11799"},{"taxonomy":"simple-restrict-permission","embeddable":true,"href":"https:\/\/friends.se\/ar\/wp-json\/wp\/v2\/simple-restrict-permission?post=11799"}],"curies":[{"name":"wp","href":"https:\/\/api.w.org\/{rel}","templated":true}]}}